{"id":6,"date":"2023-07-11T11:35:47","date_gmt":"2023-07-11T11:35:47","guid":{"rendered":"https:\/\/simposioelevacion.com\/index.php\/one-page-express\/"},"modified":"2026-04-17T11:53:16","modified_gmt":"2026-04-17T11:53:16","slug":"one-page-express","status":"publish","type":"page","link":"https:\/\/simposioelevacion.com\/","title":{"rendered":"Inicio"},"content":{"rendered":"<div id=\"overlapable-2\" class=\"features-coloured-icon-boxes-section\" style=\"background-color: #ffffff;\" data-label=\"Overlapable\" data-id=\"stripped-coloured-icon-boxes\" data-category=\"overlapable\" data-overlap=\"true\">\n<div class=\"\">\n<div class=\"features-coloured-icon-boxes-innerrow flexbox-list dark-text\" data-type=\"row\">\n<div class=\"features-coloured-icon-boxes-featurecol cp3cols\">\n<div class=\"features-coloured-icon-boxes-iconcontainer\" data-content-item-container=\"true\"><\/div>\n<h4 class=\"\">PERFIL ASISTENTES<\/h4>\n<ul class=\"\">\n \t<li style=\"font-weight: 400; text-align: left;\" aria-level=\"1\"><span style=\"font-weight: 400;\">Directivos de empresas fabricantes, distribuidoras y de instalaci\u00f3n y mantenimiento de ascensores. <\/span><\/li>\n \t<li style=\"font-weight: 400; text-align: left;\" aria-level=\"1\"><span style=\"font-weight: 400;\">Personal de departamentos de I+D y departamentos t\u00e9cnicos.<\/span><\/li>\n \t<li style=\"font-weight: 400; text-align: left;\" aria-level=\"1\"><span style=\"font-weight: 400;\">Alumnos y profesores universitarios.<\/span><\/li>\n<\/ul>\n<\/div>\n<div class=\"features-coloured-icon-boxes-featurecol cp3cols\">\n<div class=\"features-coloured-icon-boxes-iconcontainer\" data-content-item-container=\"true\"><\/div>\n<h4 class=\"\">PERFIL PONENTES<\/h4>\n<ul class=\"\">\n \t<li style=\"font-weight: 400; text-align: left;\" aria-level=\"1\"><span style=\"font-weight: 400;\">Personal de I+D de empresas asociadas.<\/span><\/li>\n \t<li style=\"font-weight: 400; text-align: left;\" aria-level=\"1\"><span style=\"font-weight: 400;\">Profesores de universidad.<\/span><\/li>\n \t<li style=\"font-weight: 400; text-align: left;\" aria-level=\"1\"><span style=\"font-weight: 400;\">Expertos de otras industrias. <\/span><\/li>\n<\/ul>\n<\/div>\n<div class=\"features-coloured-icon-boxes-featurecol cp3cols\">\n<div class=\"features-coloured-icon-boxes-iconcontainer\" data-content-item-container=\"true\"><\/div>\n<h4 class=\"\">FOROS<\/h4>\n<p class=\"\"><span class=\"\" style=\"font-weight: 400;\">El Simposio Internacional de Elevaci\u00f3n se estructura en torno a <b>cuatro foros<\/b><\/span><\/p>\n\n<ul class=\"\">\n \t<li style=\"font-weight: 400; text-align: left;\" aria-level=\"1\"><span style=\"font-weight: 400;\">Componentes de ascensores y soluciones de elevaci\u00f3n.<\/span><\/li>\n \t<li style=\"font-weight: 400; text-align: left;\" aria-level=\"1\"><span style=\"font-weight: 400;\">Digitalizaci\u00f3n.<\/span><\/li>\n \t<li style=\"font-weight: 400; text-align: left;\" aria-level=\"1\"><span style=\"font-weight: 400;\">Energ\u00eda.<\/span><\/li>\n \t<li style=\"font-weight: 400; text-align: left;\" aria-level=\"1\"><span style=\"font-weight: 400;\">Industria.<\/span><\/li>\n<\/ul>\n<\/div>\n<div class=\"features-coloured-icon-boxes-featurecol cp3cols\">\n<div class=\"features-coloured-icon-boxes-iconcontainer\" data-content-item-container=\"true\"><\/div>\n<h4 class=\"\">COMUNICACIONES<\/h4>\n<p class=\"\"><span class=\"\" style=\"font-weight: 400;\">Los autores de trabajos relacionados con los foros anteriores podr\u00e1n presentar sus Comunicaciones conforme a las <strong>normas<\/strong> siguientes\u2026<\/span><\/p>\n<p class=\"\"><a class=\"features-coloured-button\" href=\"https:\/\/simposioelevacion.com\/index.php\/comunicaciones\" rel=\"noopener\">Ver m\u00e1s<\/a><\/p>\n\n<\/div>\n<\/div>\n<\/div>\n<\/div>\n<div id=\"overlapable-1\" class=\"stripped-about-four-boxes-section\" style=\"background-color: #ffffff;\" data-label=\"Overlapable\" data-id=\"stripped-about-four-boxes-section\" data-category=\"overlapable\" data-overlap=\"true\">\n<div class=\"\">\n<div class=\"about-four-boxes-innerrow flexbox-list\">\n<div class=\"about-four-boxes-imgcol\" style=\"background-image: url('https:\/\/simposioelevacion.com\/wp-content\/uploads\/2023\/07\/edificio-movilidad-web-2.jpg');\" data-bg=\"image\"><\/div>\n<div class=\"about-four-boxes-textcol\" data-type=\"column\">\n<h2 class=\"\">Simposio Internacional de Elevaci\u00f3n y Movilidad en Edificios<\/h2>\n<p class=\"large_text\">En la escena internacional existen desde hace d\u00e9cadas foros sobre temas relacionados con el sector de elevaci\u00f3n, la mayor\u00eda de ellos en ingl\u00e9s, y muy pocos en castellano.<\/p>\n<p class=\"large_text\">El Simposio Internacional de Elevaci\u00f3n y Movilidad en Edificios (SIEME), creado por la Asociaci\u00f3n de Empresas de Componentes de Aparatos Elevadores (AECAE), es un espacio para el <strong>debate t\u00e9cnico en torno al sector de las soluciones de elevaci\u00f3n<\/strong>, as\u00ed como un <strong>punto de encuentro<\/strong> entre empresas y profesionales del sector.<\/p>\n<p class=\"large_text\">Tambi\u00e9n es una <strong>oportunidad para compartir<\/strong> desarrollos t\u00e9cnicos o cient\u00edficos relacionados con las tecnolog\u00edas de elevaci\u00f3n en cualquiera de sus manifestaciones, ascensores, plataformas elevadoras, escaleras mec\u00e1nicas, pasillos m\u00f3viles\u2026 Estas contribuciones se realizar\u00e1n mediante la presentaci\u00f3n de <strong>comunicaciones al Comit\u00e9 T\u00e9cnico del Simposio<\/strong>.<\/p>\n\n<\/div>\n<div class=\"about-four-boxes-textcol\" data-type=\"column\">\n<h2 class=\"\">Innovaci\u00f3n y dise\u00f1o en componentes<\/h2>\n<p class=\"large_text\">El <strong>Foro de Componentes de ascensores<\/strong> <strong>y<\/strong> <strong>soluciones de elevaci\u00f3n<\/strong> permitir\u00e1 a los fabricantes compartir los desarrollos t\u00e9cnicos realizados en cualquiera de los elementos que componen la soluci\u00f3n de elevaci\u00f3n. El dise\u00f1o de componentes cada vez es m\u00e1s complejo tanto por diversidad de aplicaciones, tan variadas como las soluciones est\u00e1ndares para edificios de obra nueva, personalizadas para edificios sin ascensor o modernizaciones de ascensores antiguos.<\/p>\n\n<\/div>\n<div class=\"about-four-boxes-imgcol2\" style=\"background-image: url('https:\/\/simposioelevacion.com\/wp-content\/uploads\/2023\/07\/cabina-web.jpg');\" data-bg=\"image\"><\/div>\n<\/div>\n<\/div>\n<\/div>\n<div id=\"content-3\" class=\"content-left-image-section content-image-left\" style=\"background-color: #f6f6f6;\" data-label=\"Content\" data-id=\"content-image-left\" data-category=\"content\">\n<div class=\"\">\n<div class=\"row\">\n<div class=\"content-left-image-imgcol\" data-type=\"column\"><img decoding=\"async\" class=\"\" src=\"https:\/\/simposioelevacion.com\/wp-content\/uploads\/2023\/07\/internet1200.jpg\" alt=\"\" \/><\/div>\n<div class=\"content-left-image-textcol dynamic-color\" data-type=\"column\">\n<h2 class=\"\">Digitalizaci\u00f3n<\/h2>\n<p class=\"large_text\">La digitalizaci\u00f3n es otra de las grandes l\u00edneas transformadoras de los sectores econ\u00f3micos. En el <strong>Foro de Digitalizaci\u00f3n<\/strong>, tendr\u00e1n cabida avances en materia de digitalizaci\u00f3n relacionada con procesos productivos, productos o servicios asociados a los datos.<\/p>\nEl desarrollo del conocido Internet de las cosas, el aprendizaje de las m\u00e1quinas o la inteligencia artificial ser\u00e1n algunos de los temas de los que se hablar\u00e1.\n\n<\/div>\n<\/div>\n<\/div>\n<\/div>\n<div class=\"about-four-boxes-innerrow flexbox-list\"><\/div>\n<div><\/div>\n<div class=\"about-big-images-textcol dynamic-color\" data-type=\"column\">\n<div class=\"spacer\" data-type=\"group\"><\/div>\n<\/div>\n<div class=\"about-big-images-rightimgcol\"><\/div>\n<div id=\"about-2\" class=\"about-four-boxes-section\" style=\"background-color: #f6f6f6;\" data-label=\"About\" data-id=\"about-four-boxes-section\" data-category=\"about\">\n<div class=\"\">\n<div class=\"about-four-boxes-innerrow flexbox-list\">\n<div class=\"about-four-boxes-imgcol\" style=\"background-image: url('https:\/\/simposioelevacion.com\/wp-content\/uploads\/2023\/07\/medioambiente-web.jpg');\" data-bg=\"image\"><\/div>\n<div class=\"about-four-boxes-textcol\" data-type=\"column\">\n<h2 class=\"\">Preservaci\u00f3n del medio ambiente<\/h2>\n<p class=\"\">La necesidad de reducci\u00f3n de las emisiones de CO2 y su efecto positivo sobre la mitigaci\u00f3n del cambio clim\u00e1tico, ser\u00e1 abordada por el <strong>Foro de Energ\u00eda<\/strong> y las comunicaciones que se presenten dentro de esta \u00e1rea de conocimiento. La aplicaci\u00f3n de tecnolog\u00edas de ahorro y aprovechamiento de la energ\u00eda en las soluciones de elevaci\u00f3n formar\u00e1n parte de las ponencias y comunicaciones cient\u00edficas seleccionadas.<\/p>\n\n<\/div>\n<div class=\"about-four-boxes-textcol\" data-type=\"column\">\n<h2 class=\"\">Mejora del sector<\/h2>\n<p class=\"\">Por \u00faltimo, cualquier desarrollo se realiza dentro de un contexto y unos condicionantes que son objeto del <strong>Foro de Industria<\/strong>. El proceso de armonizaci\u00f3n internacional de los est\u00e1ndares del sector, los cambios en las legislaciones nacionales, y otros aspectos relacionados con los procesos de suministro y gesti\u00f3n industrial conforman el contenido de este foro y de las comunicaciones que se presenten.<\/p>\n\n<\/div>\n<div class=\"about-four-boxes-imgcol2\" style=\"background-image: url('https:\/\/simposioelevacion.com\/wp-content\/uploads\/2023\/07\/OPERA-KRAKOV.jpg');\" data-bg=\"image\"><\/div>\n<\/div>\n<\/div>\n<\/div>\n<div id=\"clients-2\" class=\"clients-strip-section\" style=\"background-color: #f6f6f6;\" data-label=\"Clients\" data-id=\"clients-strip-section\" data-category=\"clients\">\n<div class=\"row_187\" data-type=\"row\" data-add-content=\"false\">\n<div class=\"clients-strip-itemcol cp2cols\">\n<div class=\"middle_align1\">Organiza:<a class=\"\" href=\"https:\/\/aecae.com\/es\" target=\"_blank\" rel=\"noopener\"><img decoding=\"async\" class=\"clients-strip-itemimg\" src=\"https:\/\/simposioelevacion.com\/wp-content\/uploads\/2023\/07\/aecae-web.png\" \/><\/a><\/div>\n<\/div>\n<div class=\"clients-strip-itemcol cp2cols\">\n<div class=\"middle_align1\">Patrocinador oro: <a class=\"\" href=\"https:\/\/www.carlos-silva.com\" target=\"_blank\" rel=\"noopener\"><img decoding=\"async\" class=\"clients-strip-itemimg\" src=\"https:\/\/simposioelevacion.com\/wp-content\/uploads\/2023\/08\/carlos-silva.png\" \/><\/a><\/div>\n<\/div>\n<div class=\"clients-strip-itemcol cp2cols\">\n<div class=\"middle_align1\">Patrocinador oro:<a class=\"\" href=\"https:\/\/www.docensas.eu\" target=\"_blank\" rel=\"noopener\"><img decoding=\"async\" class=\"clients-strip-itemimg\" src=\"https:\/\/simposioelevacion.com\/wp-content\/uploads\/2023\/07\/docensas.png\" \/><\/a><\/div>\n<\/div>\n<div class=\"clients-strip-itemcol cp2cols\">\n<div class=\"middle_align1\">Patrocinador oro:<a class=\"\" href=\"https:\/\/www.wittur.com\/es\/el-grupo-wittur\/plantas\/wittur-elevator-components-sau.aspx\" target=\"_blank\" rel=\"noopener\"><img decoding=\"async\" class=\"clients-strip-itemimg\" src=\"https:\/\/simposioelevacion.com\/wp-content\/uploads\/2023\/07\/wittur.png\" \/><\/a><\/div>\n<\/div>\n<div class=\"clients-strip-itemcol cp2cols\">\n<div class=\"middle_align1\">Patrocinador oro:<a class=\"\" href=\"https:\/\/www.lancor.es\" target=\"_blank\" rel=\"noopener\"><img decoding=\"async\" class=\"clients-strip-itemimg\" src=\"https:\/\/simposioelevacion.com\/wp-content\/uploads\/2026\/02\/lancor-2.png\" \/><\/a><\/div>\n<\/div>\n<div class=\"clients-strip-itemcol cp2cols\">\n<div class=\"middle_align1\">Patrocinador oro:<a class=\"\" href=\"https:\/\/www.mpascensores.com\" target=\"_blank\" rel=\"noopener\"><img decoding=\"async\" class=\"clients-strip-itemimg\" src=\"https:\/\/simposioelevacion.com\/wp-content\/uploads\/2023\/08\/mp-sf.png\" \/><\/a><\/div>\n<\/div>\n<div class=\"clients-strip-itemcol cp2cols\">\n<div class=\"middle_align1\">Patrocinador oro:<a class=\"\" href=\"https:\/\/hidral.com\" target=\"_blank\" rel=\"noopener\"><img decoding=\"async\" class=\"clients-strip-itemimg\" src=\"https:\/\/simposioelevacion.com\/wp-content\/uploads\/2023\/07\/hidral.png\" \/><\/a><\/div>\n<\/div>\n<div class=\"clients-strip-itemcol cp2cols\">\n<div class=\"middle_align1\">Patrocinador plata:<a class=\"\" href=\"https:\/\/wsschaefer.com\/es\" target=\"_blank\" rel=\"noopener\"><img decoding=\"async\" class=\"clients-strip-itemimg\" src=\"https:\/\/simposioelevacion.com\/wp-content\/uploads\/2026\/01\/SCHAEFER-Logo_RGB_w1000px-e1768814942838.png\" \/><\/a><\/div>\n<\/div>\n<div class=\"clients-strip-itemcol cp2cols\">\n<div class=\"middle_align1\">Patrocinador plata:<a class=\"\" href=\"https:\/\/fujielectricspain.com\" target=\"_blank\" rel=\"noopener\"><img decoding=\"async\" class=\"clients-strip-itemimg\" src=\"https:\/\/simposioelevacion.com\/wp-content\/uploads\/2026\/01\/fujielectric-1.png\" \/><\/a><\/div>\n<\/div>\n<div class=\"clients-strip-itemcol cp2cols\">\n<div class=\"middle_align1\">Patrocinador plata:<a class=\"\" href=\"https:\/\/www.nayarsystems.com\" target=\"_blank\" rel=\"noopener\"><img decoding=\"async\" class=\"clients-strip-itemimg\" src=\"https:\/\/simposioelevacion.com\/wp-content\/uploads\/2026\/01\/nayar-peq.png\" \/><\/a><\/div>\n<\/div>\n<div class=\"clients-strip-itemcol cp2cols\">\n<div class=\"middle_align1\">Patrocinador plata:<a class=\"\" href=\"https:\/\/moen.nidec.com\/es-ES\/drives\" target=\"_blank\" rel=\"noopener\"><img decoding=\"async\" class=\"clients-strip-itemimg\" src=\"https:\/\/simposioelevacion.com\/wp-content\/uploads\/2026\/04\/NidecDrives-logo.webp\" \/><\/a><\/div>\n<\/div>\n<\/div>\n<\/div>\n<a name=\"inscripcion\"><\/a>","protected":false},"excerpt":{"rendered":"<p>PERFIL ASISTENTES Directivos de empresas fabricantes, distribuidoras y de instalaci\u00f3n y mantenimiento de ascensores. Personal de departamentos de I+D y departamentos t\u00e9cnicos. Alumnos y profesores universitarios. PERFIL PONENTES Personal de I+D de empresas asociadas. Profesores de universidad. Expertos de otras industrias. FOROS El Simposio Internacional de Elevaci\u00f3n se estructura en torno a cuatro foros Componentes&hellip; <br \/> <a class=\"button small blue\" href=\"https:\/\/simposioelevacion.com\/index.php\/2023\/07\/11\/hello-world\/\">Leer m\u00e1s<\/a><\/p>\n","protected":false},"author":1,"featured_media":0,"parent":0,"menu_order":0,"comment_status":"closed","ping_status":"closed","template":"","meta":{"footnotes":""},"class_list":["post-6","page","type-page","status-publish","hentry"],"yoast_head":"<!-- This site is optimized with the Yoast SEO plugin v27.4 - https:\/\/yoast.com\/product\/yoast-seo-wordpress\/ -->\n<title>Inicio - Simposio Internacional de Elevaci\u00f3n y Movilidad en Edificios (SIEME)<\/title>\n<meta name=\"robots\" content=\"index, follow, max-snippet:-1, max-image-preview:large, max-video-preview:-1\" \/>\n<link rel=\"canonical\" href=\"https:\/\/simposioelevacion.com\/\" \/>\n<meta property=\"og:locale\" content=\"es_ES\" \/>\n<meta property=\"og:type\" content=\"article\" \/>\n<meta property=\"og:title\" content=\"Inicio - Simposio Internacional de Elevaci\u00f3n y Movilidad en Edificios (SIEME)\" \/>\n<meta property=\"og:description\" content=\"PERFIL ASISTENTES Directivos de empresas fabricantes, distribuidoras y de instalaci\u00f3n y mantenimiento de ascensores. Personal de departamentos de I+D y departamentos t\u00e9cnicos. Alumnos y profesores universitarios. PERFIL PONENTES Personal de I+D de empresas asociadas. Profesores de universidad. Expertos de otras industrias. FOROS El Simposio Internacional de Elevaci\u00f3n se estructura en torno a cuatro foros Componentes&hellip; Leer m\u00e1s\" \/>\n<meta property=\"og:url\" content=\"https:\/\/simposioelevacion.com\/\" \/>\n<meta property=\"og:site_name\" content=\"Simposio Internacional de Elevaci\u00f3n y Movilidad en Edificios (SIEME)\" \/>\n<meta property=\"article:modified_time\" content=\"2026-04-17T11:53:16+00:00\" \/>\n<meta property=\"og:image\" content=\"https:\/\/simposioelevacion.com\/wp-content\/uploads\/2023\/07\/internet1200.jpg\" \/>\n<meta name=\"twitter:card\" content=\"summary_large_image\" \/>\n<meta name=\"twitter:label1\" content=\"Tiempo de lectura\" \/>\n\t<meta name=\"twitter:data1\" content=\"5 minutos\" \/>\n<script type=\"application\/ld+json\" class=\"yoast-schema-graph\">{\"@context\":\"https:\\\/\\\/schema.org\",\"@graph\":[{\"@type\":\"WebPage\",\"@id\":\"https:\\\/\\\/simposioelevacion.com\\\/\",\"url\":\"https:\\\/\\\/simposioelevacion.com\\\/\",\"name\":\"Inicio - Simposio Internacional de Elevaci\u00f3n y Movilidad en Edificios (SIEME)\",\"isPartOf\":{\"@id\":\"https:\\\/\\\/simposioelevacion.com\\\/#website\"},\"primaryImageOfPage\":{\"@id\":\"https:\\\/\\\/simposioelevacion.com\\\/#primaryimage\"},\"image\":{\"@id\":\"https:\\\/\\\/simposioelevacion.com\\\/#primaryimage\"},\"thumbnailUrl\":\"https:\\\/\\\/simposioelevacion.com\\\/wp-content\\\/uploads\\\/2023\\\/07\\\/internet1200.jpg\",\"datePublished\":\"2023-07-11T11:35:47+00:00\",\"dateModified\":\"2026-04-17T11:53:16+00:00\",\"breadcrumb\":{\"@id\":\"https:\\\/\\\/simposioelevacion.com\\\/#breadcrumb\"},\"inLanguage\":\"es\",\"potentialAction\":[{\"@type\":\"ReadAction\",\"target\":[\"https:\\\/\\\/simposioelevacion.com\\\/\"]}]},{\"@type\":\"ImageObject\",\"inLanguage\":\"es\",\"@id\":\"https:\\\/\\\/simposioelevacion.com\\\/#primaryimage\",\"url\":\"https:\\\/\\\/simposioelevacion.com\\\/wp-content\\\/uploads\\\/2023\\\/07\\\/internet1200.jpg\",\"contentUrl\":\"https:\\\/\\\/simposioelevacion.com\\\/wp-content\\\/uploads\\\/2023\\\/07\\\/internet1200.jpg\",\"width\":1300,\"height\":500},{\"@type\":\"BreadcrumbList\",\"@id\":\"https:\\\/\\\/simposioelevacion.com\\\/#breadcrumb\",\"itemListElement\":[{\"@type\":\"ListItem\",\"position\":1,\"name\":\"Portada\",\"item\":\"https:\\\/\\\/simposioelevacion.com\\\/\"},{\"@type\":\"ListItem\",\"position\":2,\"name\":\"Inicio\"}]},{\"@type\":\"WebSite\",\"@id\":\"https:\\\/\\\/simposioelevacion.com\\\/#website\",\"url\":\"https:\\\/\\\/simposioelevacion.com\\\/\",\"name\":\"Simposio Internacional de Elevaci\u00f3n y Movilidad en Edificios (SIEME)\",\"description\":\"Simposio Internacional de Elevaci\u00f3n y Movilidad en Edificios (SIEME)\",\"publisher\":{\"@id\":\"https:\\\/\\\/simposioelevacion.com\\\/#organization\"},\"potentialAction\":[{\"@type\":\"SearchAction\",\"target\":{\"@type\":\"EntryPoint\",\"urlTemplate\":\"https:\\\/\\\/simposioelevacion.com\\\/?s={search_term_string}\"},\"query-input\":{\"@type\":\"PropertyValueSpecification\",\"valueRequired\":true,\"valueName\":\"search_term_string\"}}],\"inLanguage\":\"es\"},{\"@type\":\"Organization\",\"@id\":\"https:\\\/\\\/simposioelevacion.com\\\/#organization\",\"name\":\"Simposio Internacional de Elevaci\u00f3n y Movilidad en Edificios (SIEME)\",\"url\":\"https:\\\/\\\/simposioelevacion.com\\\/\",\"logo\":{\"@type\":\"ImageObject\",\"inLanguage\":\"es\",\"@id\":\"https:\\\/\\\/simposioelevacion.com\\\/#\\\/schema\\\/logo\\\/image\\\/\",\"url\":\"https:\\\/\\\/simposioelevacion.com\\\/wp-content\\\/uploads\\\/2023\\\/07\\\/icono-sieme.png\",\"contentUrl\":\"https:\\\/\\\/simposioelevacion.com\\\/wp-content\\\/uploads\\\/2023\\\/07\\\/icono-sieme.png\",\"width\":512,\"height\":512,\"caption\":\"Simposio Internacional de Elevaci\u00f3n y Movilidad en Edificios (SIEME)\"},\"image\":{\"@id\":\"https:\\\/\\\/simposioelevacion.com\\\/#\\\/schema\\\/logo\\\/image\\\/\"}}]}<\/script>\n<!-- \/ Yoast SEO plugin. -->","yoast_head_json":{"title":"Inicio - Simposio Internacional de Elevaci\u00f3n y Movilidad en Edificios (SIEME)","robots":{"index":"index","follow":"follow","max-snippet":"max-snippet:-1","max-image-preview":"max-image-preview:large","max-video-preview":"max-video-preview:-1"},"canonical":"https:\/\/simposioelevacion.com\/","og_locale":"es_ES","og_type":"article","og_title":"Inicio - Simposio Internacional de Elevaci\u00f3n y Movilidad en Edificios (SIEME)","og_description":"PERFIL ASISTENTES Directivos de empresas fabricantes, distribuidoras y de instalaci\u00f3n y mantenimiento de ascensores. Personal de departamentos de I+D y departamentos t\u00e9cnicos. Alumnos y profesores universitarios. PERFIL PONENTES Personal de I+D de empresas asociadas. Profesores de universidad. Expertos de otras industrias. FOROS El Simposio Internacional de Elevaci\u00f3n se estructura en torno a cuatro foros Componentes&hellip; Leer m\u00e1s","og_url":"https:\/\/simposioelevacion.com\/","og_site_name":"Simposio Internacional de Elevaci\u00f3n y Movilidad en Edificios (SIEME)","article_modified_time":"2026-04-17T11:53:16+00:00","og_image":[{"url":"https:\/\/simposioelevacion.com\/wp-content\/uploads\/2023\/07\/internet1200.jpg","type":"","width":"","height":""}],"twitter_card":"summary_large_image","twitter_misc":{"Tiempo de lectura":"5 minutos"},"schema":{"@context":"https:\/\/schema.org","@graph":[{"@type":"WebPage","@id":"https:\/\/simposioelevacion.com\/","url":"https:\/\/simposioelevacion.com\/","name":"Inicio - Simposio Internacional de Elevaci\u00f3n y Movilidad en Edificios (SIEME)","isPartOf":{"@id":"https:\/\/simposioelevacion.com\/#website"},"primaryImageOfPage":{"@id":"https:\/\/simposioelevacion.com\/#primaryimage"},"image":{"@id":"https:\/\/simposioelevacion.com\/#primaryimage"},"thumbnailUrl":"https:\/\/simposioelevacion.com\/wp-content\/uploads\/2023\/07\/internet1200.jpg","datePublished":"2023-07-11T11:35:47+00:00","dateModified":"2026-04-17T11:53:16+00:00","breadcrumb":{"@id":"https:\/\/simposioelevacion.com\/#breadcrumb"},"inLanguage":"es","potentialAction":[{"@type":"ReadAction","target":["https:\/\/simposioelevacion.com\/"]}]},{"@type":"ImageObject","inLanguage":"es","@id":"https:\/\/simposioelevacion.com\/#primaryimage","url":"https:\/\/simposioelevacion.com\/wp-content\/uploads\/2023\/07\/internet1200.jpg","contentUrl":"https:\/\/simposioelevacion.com\/wp-content\/uploads\/2023\/07\/internet1200.jpg","width":1300,"height":500},{"@type":"BreadcrumbList","@id":"https:\/\/simposioelevacion.com\/#breadcrumb","itemListElement":[{"@type":"ListItem","position":1,"name":"Portada","item":"https:\/\/simposioelevacion.com\/"},{"@type":"ListItem","position":2,"name":"Inicio"}]},{"@type":"WebSite","@id":"https:\/\/simposioelevacion.com\/#website","url":"https:\/\/simposioelevacion.com\/","name":"Simposio Internacional de Elevaci\u00f3n y Movilidad en Edificios (SIEME)","description":"Simposio Internacional de Elevaci\u00f3n y Movilidad en Edificios (SIEME)","publisher":{"@id":"https:\/\/simposioelevacion.com\/#organization"},"potentialAction":[{"@type":"SearchAction","target":{"@type":"EntryPoint","urlTemplate":"https:\/\/simposioelevacion.com\/?s={search_term_string}"},"query-input":{"@type":"PropertyValueSpecification","valueRequired":true,"valueName":"search_term_string"}}],"inLanguage":"es"},{"@type":"Organization","@id":"https:\/\/simposioelevacion.com\/#organization","name":"Simposio Internacional de Elevaci\u00f3n y Movilidad en Edificios (SIEME)","url":"https:\/\/simposioelevacion.com\/","logo":{"@type":"ImageObject","inLanguage":"es","@id":"https:\/\/simposioelevacion.com\/#\/schema\/logo\/image\/","url":"https:\/\/simposioelevacion.com\/wp-content\/uploads\/2023\/07\/icono-sieme.png","contentUrl":"https:\/\/simposioelevacion.com\/wp-content\/uploads\/2023\/07\/icono-sieme.png","width":512,"height":512,"caption":"Simposio Internacional de Elevaci\u00f3n y Movilidad en Edificios (SIEME)"},"image":{"@id":"https:\/\/simposioelevacion.com\/#\/schema\/logo\/image\/"}}]}},"_links":{"self":[{"href":"https:\/\/simposioelevacion.com\/index.php\/wp-json\/wp\/v2\/pages\/6","targetHints":{"allow":["GET"]}}],"collection":[{"href":"https:\/\/simposioelevacion.com\/index.php\/wp-json\/wp\/v2\/pages"}],"about":[{"href":"https:\/\/simposioelevacion.com\/index.php\/wp-json\/wp\/v2\/types\/page"}],"author":[{"embeddable":true,"href":"https:\/\/simposioelevacion.com\/index.php\/wp-json\/wp\/v2\/users\/1"}],"replies":[{"embeddable":true,"href":"https:\/\/simposioelevacion.com\/index.php\/wp-json\/wp\/v2\/comments?post=6"}],"version-history":[{"count":374,"href":"https:\/\/simposioelevacion.com\/index.php\/wp-json\/wp\/v2\/pages\/6\/revisions"}],"predecessor-version":[{"id":1373,"href":"https:\/\/simposioelevacion.com\/index.php\/wp-json\/wp\/v2\/pages\/6\/revisions\/1373"}],"wp:attachment":[{"href":"https:\/\/simposioelevacion.com\/index.php\/wp-json\/wp\/v2\/media?parent=6"}],"curies":[{"name":"wp","href":"https:\/\/api.w.org\/{rel}","templated":true}]}}