{"id":158,"date":"2023-07-12T14:56:55","date_gmt":"2023-07-12T14:56:55","guid":{"rendered":"https:\/\/simposioelevacion.com\/?page_id=158"},"modified":"2024-05-18T16:59:30","modified_gmt":"2024-05-18T16:59:30","slug":"comites","status":"publish","type":"page","link":"https:\/\/simposioelevacion.com\/index.php\/comites\/","title":{"rendered":"Comit\u00e9s"},"content":{"rendered":"\n<p><strong>Comit\u00e9 organizador:<\/strong><\/p>\n\n\n\n<p><a href=\"https:\/\/www.linkedin.com\/in\/eugenio-barroso-garc%C3%ADa-leyaristy-4421354b\/?originalSubdomain=es\">Eugenio Barroso, CEO MP Ascensores, presidente de AECAE<\/a><\/p>\n\n\n\n<p><a href=\"https:\/\/www.linkedin.com\/in\/compagni\/?originalSubdomain=es\">Jos\u00e9 Mar\u00eda Compagni, CEO Docensas, coordinador de AECAE<\/a><\/p>\n\n\n\n<p><a href=\"https:\/\/www.linkedin.com\/in\/fernando-guillem%C3%AD-837b2745\/?originalSubdomain=ar\">Fernando Guillem\u00ed, CEO GuillemiTech, presidente de C\u00e1mara de Ascensores y Afines de Argentina<\/a><\/p>\n\n\n\n<p><a href=\"https:\/\/www.linkedin.com\/in\/paula-estevan-hernandez\/\">Paula Estevan, Director de proyectos internacionales de Liftel, tesorera de AECAE<\/a><\/p>\n\n\n\n<p><a href=\"https:\/\/www.linkedin.com\/in\/manuel-angel-royo-p%C3%A9rez-9670b530\/?originalSubdomain=es\">Manuel Royo, Sales Manager Spain Wittur<\/a><\/p>\n\n\n\n<p><strong>Comit\u00e9 t\u00e9cnico:<\/strong><\/p>\n\n\n\n<p><a href=\"https:\/\/www.linkedin.com\/in\/pimolinagaudo\/?originalSubdomain=es\">Pilar Molina, CEO Epic Power (Energ\u00eda)<\/a><\/p>\n\n\n\n<p><a href=\"https:\/\/www.linkedin.com\/in\/gomezalfredo\/?locale=es_ES\">Alfredo G\u00f3mez, ITAinnova (Digitalizaci\u00f3n)&nbsp;<\/a><\/p>\n\n\n\n<p><a href=\"https:\/\/www.linkedin.com\/in\/davidsamat\/?originalSubdomain=es\">David S\u00e1nchez, CEO Ingenier\u00eda Samat (Componentes mec\u00e1nicos)<\/a><\/p>\n\n\n\n<p><strong>Comit\u00e9 de comunicaci\u00f3n:<\/strong><\/p>\n\n\n\n<p><a href=\"https:\/\/www.linkedin.com\/in\/compagni\/?originalSubdomain=es\">Jos\u00e9 Mar\u00eda Compagni, CEO Docensas, coordinador de AECAE<\/a><\/p>\n\n\n\n<p><a href=\"https:\/\/www.linkedin.com\/in\/patriciadeantaotero\/\">Patricia de Anta, CEGi Ingeniera de exportaci\u00f3n<\/a><\/p>\n\n\n\n<p><a href=\"https:\/\/www.linkedin.com\/in\/alea-guillemi\/\">Alea Guillem\u00ed, C\u00e1mara de Ascensores y Afines de Argentina<\/a><\/p>\n","protected":false},"excerpt":{"rendered":"<p>Comit\u00e9 organizador: Eugenio Barroso, CEO MP Ascensores, presidente de AECAE Jos\u00e9 Mar\u00eda Compagni, CEO Docensas, coordinador de AECAE Fernando Guillem\u00ed, CEO GuillemiTech, presidente de C\u00e1mara de Ascensores y Afines de Argentina Paula Estevan, Director de proyectos internacionales de Liftel, tesorera de AECAE Manuel Royo, Sales Manager Spain Wittur Comit\u00e9 t\u00e9cnico: Pilar Molina, CEO Epic Power&hellip; <br \/> <a class=\"button small blue\" href=\"https:\/\/simposioelevacion.com\/index.php\/comites\/\">Leer m\u00e1s<\/a><\/p>\n","protected":false},"author":1,"featured_media":0,"parent":0,"menu_order":0,"comment_status":"closed","ping_status":"closed","template":"","meta":{"footnotes":""},"class_list":["post-158","page","type-page","status-publish","hentry"],"yoast_head":"<!-- This site is optimized with the Yoast SEO plugin v22.2 - https:\/\/yoast.com\/wordpress\/plugins\/seo\/ -->\n<title>Comit\u00e9s - Simposio Internacional de Elevaci\u00f3n y Movilidad en Edificios (SIEME)<\/title>\n<meta name=\"robots\" content=\"index, follow, max-snippet:-1, max-image-preview:large, max-video-preview:-1\" \/>\n<link rel=\"canonical\" href=\"https:\/\/simposioelevacion.com\/index.php\/comites\/\" \/>\n<meta property=\"og:locale\" content=\"es_ES\" \/>\n<meta property=\"og:type\" content=\"article\" \/>\n<meta property=\"og:title\" content=\"Comit\u00e9s - Simposio Internacional de Elevaci\u00f3n y Movilidad en Edificios (SIEME)\" \/>\n<meta property=\"og:description\" content=\"Comit\u00e9 organizador: Eugenio Barroso, CEO MP Ascensores, presidente de AECAE Jos\u00e9 Mar\u00eda Compagni, CEO Docensas, coordinador de AECAE Fernando Guillem\u00ed, CEO GuillemiTech, presidente de C\u00e1mara de Ascensores y Afines de Argentina Paula Estevan, Director de proyectos internacionales de Liftel, tesorera de AECAE Manuel Royo, Sales Manager Spain Wittur Comit\u00e9 t\u00e9cnico: Pilar Molina, CEO Epic Power&hellip; Leer m\u00e1s\" \/>\n<meta property=\"og:url\" content=\"https:\/\/simposioelevacion.com\/index.php\/comites\/\" \/>\n<meta property=\"og:site_name\" content=\"Simposio Internacional de Elevaci\u00f3n y Movilidad en Edificios (SIEME)\" \/>\n<meta property=\"article:modified_time\" content=\"2024-05-18T16:59:30+00:00\" \/>\n<meta name=\"twitter:card\" content=\"summary_large_image\" \/>\n<meta name=\"twitter:label1\" content=\"Tiempo de lectura\" \/>\n\t<meta name=\"twitter:data1\" content=\"1 minuto\" \/>\n<script type=\"application\/ld+json\" class=\"yoast-schema-graph\">{\"@context\":\"https:\/\/schema.org\",\"@graph\":[{\"@type\":\"WebPage\",\"@id\":\"https:\/\/simposioelevacion.com\/index.php\/comites\/\",\"url\":\"https:\/\/simposioelevacion.com\/index.php\/comites\/\",\"name\":\"Comit\u00e9s - Simposio Internacional de Elevaci\u00f3n y Movilidad en Edificios (SIEME)\",\"isPartOf\":{\"@id\":\"https:\/\/simposioelevacion.com\/#website\"},\"datePublished\":\"2023-07-12T14:56:55+00:00\",\"dateModified\":\"2024-05-18T16:59:30+00:00\",\"breadcrumb\":{\"@id\":\"https:\/\/simposioelevacion.com\/index.php\/comites\/#breadcrumb\"},\"inLanguage\":\"es\",\"potentialAction\":[{\"@type\":\"ReadAction\",\"target\":[\"https:\/\/simposioelevacion.com\/index.php\/comites\/\"]}]},{\"@type\":\"BreadcrumbList\",\"@id\":\"https:\/\/simposioelevacion.com\/index.php\/comites\/#breadcrumb\",\"itemListElement\":[{\"@type\":\"ListItem\",\"position\":1,\"name\":\"Portada\",\"item\":\"https:\/\/simposioelevacion.com\/\"},{\"@type\":\"ListItem\",\"position\":2,\"name\":\"Comit\u00e9s\"}]},{\"@type\":\"WebSite\",\"@id\":\"https:\/\/simposioelevacion.com\/#website\",\"url\":\"https:\/\/simposioelevacion.com\/\",\"name\":\"Simposio Internacional de Elevaci\u00f3n y Movilidad en Edificios (SIEME)\",\"description\":\"Simposio Internacional de Elevaci\u00f3n y Movilidad en Edificios (SIEME)\",\"publisher\":{\"@id\":\"https:\/\/simposioelevacion.com\/#organization\"},\"potentialAction\":[{\"@type\":\"SearchAction\",\"target\":{\"@type\":\"EntryPoint\",\"urlTemplate\":\"https:\/\/simposioelevacion.com\/?s={search_term_string}\"},\"query-input\":\"required name=search_term_string\"}],\"inLanguage\":\"es\"},{\"@type\":\"Organization\",\"@id\":\"https:\/\/simposioelevacion.com\/#organization\",\"name\":\"Simposio Internacional de Elevaci\u00f3n y Movilidad en Edificios (SIEME)\",\"url\":\"https:\/\/simposioelevacion.com\/\",\"logo\":{\"@type\":\"ImageObject\",\"inLanguage\":\"es\",\"@id\":\"https:\/\/simposioelevacion.com\/#\/schema\/logo\/image\/\",\"url\":\"https:\/\/simposioelevacion.com\/wp-content\/uploads\/2023\/07\/icono-sieme.png\",\"contentUrl\":\"https:\/\/simposioelevacion.com\/wp-content\/uploads\/2023\/07\/icono-sieme.png\",\"width\":512,\"height\":512,\"caption\":\"Simposio Internacional de Elevaci\u00f3n y Movilidad en Edificios (SIEME)\"},\"image\":{\"@id\":\"https:\/\/simposioelevacion.com\/#\/schema\/logo\/image\/\"}}]}<\/script>\n<!-- \/ Yoast SEO plugin. -->","yoast_head_json":{"title":"Comit\u00e9s - Simposio Internacional de Elevaci\u00f3n y Movilidad en Edificios (SIEME)","robots":{"index":"index","follow":"follow","max-snippet":"max-snippet:-1","max-image-preview":"max-image-preview:large","max-video-preview":"max-video-preview:-1"},"canonical":"https:\/\/simposioelevacion.com\/index.php\/comites\/","og_locale":"es_ES","og_type":"article","og_title":"Comit\u00e9s - Simposio Internacional de Elevaci\u00f3n y Movilidad en Edificios (SIEME)","og_description":"Comit\u00e9 organizador: Eugenio Barroso, CEO MP Ascensores, presidente de AECAE Jos\u00e9 Mar\u00eda Compagni, CEO Docensas, coordinador de AECAE Fernando Guillem\u00ed, CEO GuillemiTech, presidente de C\u00e1mara de Ascensores y Afines de Argentina Paula Estevan, Director de proyectos internacionales de Liftel, tesorera de AECAE Manuel Royo, Sales Manager Spain Wittur Comit\u00e9 t\u00e9cnico: Pilar Molina, CEO Epic Power&hellip; Leer m\u00e1s","og_url":"https:\/\/simposioelevacion.com\/index.php\/comites\/","og_site_name":"Simposio Internacional de Elevaci\u00f3n y Movilidad en Edificios (SIEME)","article_modified_time":"2024-05-18T16:59:30+00:00","twitter_card":"summary_large_image","twitter_misc":{"Tiempo de lectura":"1 minuto"},"schema":{"@context":"https:\/\/schema.org","@graph":[{"@type":"WebPage","@id":"https:\/\/simposioelevacion.com\/index.php\/comites\/","url":"https:\/\/simposioelevacion.com\/index.php\/comites\/","name":"Comit\u00e9s - Simposio Internacional de Elevaci\u00f3n y Movilidad en Edificios (SIEME)","isPartOf":{"@id":"https:\/\/simposioelevacion.com\/#website"},"datePublished":"2023-07-12T14:56:55+00:00","dateModified":"2024-05-18T16:59:30+00:00","breadcrumb":{"@id":"https:\/\/simposioelevacion.com\/index.php\/comites\/#breadcrumb"},"inLanguage":"es","potentialAction":[{"@type":"ReadAction","target":["https:\/\/simposioelevacion.com\/index.php\/comites\/"]}]},{"@type":"BreadcrumbList","@id":"https:\/\/simposioelevacion.com\/index.php\/comites\/#breadcrumb","itemListElement":[{"@type":"ListItem","position":1,"name":"Portada","item":"https:\/\/simposioelevacion.com\/"},{"@type":"ListItem","position":2,"name":"Comit\u00e9s"}]},{"@type":"WebSite","@id":"https:\/\/simposioelevacion.com\/#website","url":"https:\/\/simposioelevacion.com\/","name":"Simposio Internacional de Elevaci\u00f3n y Movilidad en Edificios (SIEME)","description":"Simposio Internacional de Elevaci\u00f3n y Movilidad en Edificios (SIEME)","publisher":{"@id":"https:\/\/simposioelevacion.com\/#organization"},"potentialAction":[{"@type":"SearchAction","target":{"@type":"EntryPoint","urlTemplate":"https:\/\/simposioelevacion.com\/?s={search_term_string}"},"query-input":"required name=search_term_string"}],"inLanguage":"es"},{"@type":"Organization","@id":"https:\/\/simposioelevacion.com\/#organization","name":"Simposio Internacional de Elevaci\u00f3n y Movilidad en Edificios (SIEME)","url":"https:\/\/simposioelevacion.com\/","logo":{"@type":"ImageObject","inLanguage":"es","@id":"https:\/\/simposioelevacion.com\/#\/schema\/logo\/image\/","url":"https:\/\/simposioelevacion.com\/wp-content\/uploads\/2023\/07\/icono-sieme.png","contentUrl":"https:\/\/simposioelevacion.com\/wp-content\/uploads\/2023\/07\/icono-sieme.png","width":512,"height":512,"caption":"Simposio Internacional de Elevaci\u00f3n y Movilidad en Edificios (SIEME)"},"image":{"@id":"https:\/\/simposioelevacion.com\/#\/schema\/logo\/image\/"}}]}},"_links":{"self":[{"href":"https:\/\/simposioelevacion.com\/index.php\/wp-json\/wp\/v2\/pages\/158","targetHints":{"allow":["GET"]}}],"collection":[{"href":"https:\/\/simposioelevacion.com\/index.php\/wp-json\/wp\/v2\/pages"}],"about":[{"href":"https:\/\/simposioelevacion.com\/index.php\/wp-json\/wp\/v2\/types\/page"}],"author":[{"embeddable":true,"href":"https:\/\/simposioelevacion.com\/index.php\/wp-json\/wp\/v2\/users\/1"}],"replies":[{"embeddable":true,"href":"https:\/\/simposioelevacion.com\/index.php\/wp-json\/wp\/v2\/comments?post=158"}],"version-history":[{"count":13,"href":"https:\/\/simposioelevacion.com\/index.php\/wp-json\/wp\/v2\/pages\/158\/revisions"}],"predecessor-version":[{"id":1029,"href":"https:\/\/simposioelevacion.com\/index.php\/wp-json\/wp\/v2\/pages\/158\/revisions\/1029"}],"wp:attachment":[{"href":"https:\/\/simposioelevacion.com\/index.php\/wp-json\/wp\/v2\/media?parent=158"}],"curies":[{"name":"wp","href":"https:\/\/api.w.org\/{rel}","templated":true}]}}