{"id":1102,"date":"2024-05-25T15:41:45","date_gmt":"2024-05-25T15:41:45","guid":{"rendered":"https:\/\/simposioelevacion.com\/?page_id=1102"},"modified":"2024-05-31T16:28:23","modified_gmt":"2024-05-31T16:28:23","slug":"foro-digitalizacion","status":"publish","type":"page","link":"https:\/\/simposioelevacion.com\/index.php\/foro-digitalizacion\/","title":{"rendered":"Foro Digitalizaci\u00f3n"},"content":{"rendered":"\n<h2 class=\"wp-block-heading\">Foro: Digitalizaci\u00f3n<\/h2>\n\n\n\n<div class=\"wp-block-cover wp-duotone-unset-1\" style=\"min-height:137px;aspect-ratio:unset;\"><span aria-hidden=\"true\" class=\"wp-block-cover__background has-background-dim\"><\/span><img loading=\"lazy\" decoding=\"async\" width=\"512\" height=\"288\" class=\"wp-block-cover__image-background wp-image-1067\" alt=\"\" src=\"https:\/\/simposioelevacion.com\/wp-content\/uploads\/2024\/05\/cropped-icono-sieme-edited.png\" data-object-fit=\"cover\" srcset=\"https:\/\/simposioelevacion.com\/wp-content\/uploads\/2024\/05\/cropped-icono-sieme-edited.png 512w, https:\/\/simposioelevacion.com\/wp-content\/uploads\/2024\/05\/cropped-icono-sieme-edited-300x169.png 300w\" sizes=\"auto, (max-width: 512px) 100vw, 512px\" \/><div class=\"wp-block-cover__inner-container is-layout-flow wp-block-cover-is-layout-flow\">\n<h2 class=\"wp-block-heading has-text-align-center\">INGENIER\u00cdA SAMAT<\/h2>\n\n\n\n<h2 class=\"wp-block-heading has-text-align-center\">Lean Engineering, no solo de Manufacturing \nvive el sector del ascensor: las mejores pr\u00e1cticas que automatizan a los departamentos t\u00e9cnicos\n<\/h2>\n<\/div><\/div>\n\n\n\n<div data-wp-interactive=\"core\/file\" class=\"wp-block-file\"><object data-wp-bind--hidden=\"!state.hasPdfPreview\" hidden class=\"wp-block-file__embed\" data=\"https:\/\/simposioelevacion.com\/wp-content\/uploads\/2024\/05\/12-INGENIERIA-SAMAT_Lean-Engineering-no-solo-de-Manufacturing-vive-el-sector-del-ascensor-las-mejores-practicas-que-automatizan-a-los-departamentos-tecnicos__digitalizacion.pdf\" type=\"application\/pdf\" style=\"width:100%;height:600px\" aria-label=\"Incrustado de 12-INGENIERIA-SAMAT_Lean-Engineering-no-solo-de-Manufacturing-vive-el-sector-del-ascensor-las-mejores-practicas-que-automatizan-a-los-departamentos-tecnicos__digitalizacion.\"><\/object><a id=\"wp-block-file--media-1fcf870b-9958-4bc7-a762-26a9d4b9b008\" href=\"https:\/\/simposioelevacion.com\/wp-content\/uploads\/2024\/05\/12-INGENIERIA-SAMAT_Lean-Engineering-no-solo-de-Manufacturing-vive-el-sector-del-ascensor-las-mejores-practicas-que-automatizan-a-los-departamentos-tecnicos__digitalizacion.pdf\">12-INGENIERIA-SAMAT_Lean-Engineering-no-solo-de-Manufacturing-vive-el-sector-del-ascensor-las-mejores-practicas-que-automatizan-a-los-departamentos-tecnicos__digitalizacion<\/a><a href=\"https:\/\/simposioelevacion.com\/wp-content\/uploads\/2024\/05\/12-INGENIERIA-SAMAT_Lean-Engineering-no-solo-de-Manufacturing-vive-el-sector-del-ascensor-las-mejores-practicas-que-automatizan-a-los-departamentos-tecnicos__digitalizacion.pdf\" class=\"wp-block-file__button wp-element-button\" download aria-describedby=\"wp-block-file--media-1fcf870b-9958-4bc7-a762-26a9d4b9b008\">Descarga<\/a><\/div>\n\n\n\n<div data-wp-interactive=\"core\/file\" class=\"wp-block-file\"><object data-wp-bind--hidden=\"!state.hasPdfPreview\" hidden class=\"wp-block-file__embed\" data=\"https:\/\/simposioelevacion.com\/wp-content\/uploads\/2024\/05\/LeanEngineeringSectorAscensor_SIEME_SAMAT_compressed.pdf\" type=\"application\/pdf\" style=\"width:100%;height:600px\" aria-label=\"Incrustado de LeanEngineeringSectorAscensor_SIEME_SAMAT_compressed.\"><\/object><a id=\"wp-block-file--media-89c3d6b8-fc5f-4405-af43-7451bcbb6467\" href=\"https:\/\/simposioelevacion.com\/wp-content\/uploads\/2024\/05\/LeanEngineeringSectorAscensor_SIEME_SAMAT_compressed.pdf\">LeanEngineeringSectorAscensor_SIEME_SAMAT_compressed<\/a><a href=\"https:\/\/simposioelevacion.com\/wp-content\/uploads\/2024\/05\/LeanEngineeringSectorAscensor_SIEME_SAMAT_compressed.pdf\" class=\"wp-block-file__button wp-element-button\" download aria-describedby=\"wp-block-file--media-89c3d6b8-fc5f-4405-af43-7451bcbb6467\">Descarga<\/a><\/div>\n\n\n\n<div class=\"wp-block-cover wp-duotone-unset-2\" style=\"min-height:137px;aspect-ratio:unset;\"><span aria-hidden=\"true\" class=\"wp-block-cover__background has-background-dim\"><\/span><img loading=\"lazy\" decoding=\"async\" width=\"512\" height=\"288\" class=\"wp-block-cover__image-background wp-image-1067\" alt=\"\" src=\"https:\/\/simposioelevacion.com\/wp-content\/uploads\/2024\/05\/cropped-icono-sieme-edited.png\" data-object-fit=\"cover\" srcset=\"https:\/\/simposioelevacion.com\/wp-content\/uploads\/2024\/05\/cropped-icono-sieme-edited.png 512w, https:\/\/simposioelevacion.com\/wp-content\/uploads\/2024\/05\/cropped-icono-sieme-edited-300x169.png 300w\" sizes=\"auto, (max-width: 512px) 100vw, 512px\" \/><div class=\"wp-block-cover__inner-container is-layout-flow wp-block-cover-is-layout-flow\">\n<h2 class=\"wp-block-heading has-text-align-center has-large-font-size\">BELTR\u00c1N ASCENSORES<\/h2>\n\n\n\n<h2 class=\"wp-block-heading has-text-align-center has-large-font-size\">Aplicaci\u00f3n de metrolog\u00eda l\u00e1ser en la instalaci\u00f3n \nde ascensores\n<\/h2>\n<\/div><\/div>\n\n\n\n<div data-wp-interactive=\"core\/file\" class=\"wp-block-file\"><object data-wp-bind--hidden=\"!state.hasPdfPreview\" hidden class=\"wp-block-file__embed\" data=\"https:\/\/simposioelevacion.com\/wp-content\/uploads\/2024\/05\/4-BELTRAN-ASCENSORES_-Metrologia-laser-aplicada-a-la-instalacion-de-ascensores_digitalizacion.pdf\" type=\"application\/pdf\" style=\"width:100%;height:600px\" aria-label=\"Incrustado de 4-BELTRAN-ASCENSORES_-Metrologia-laser-aplicada-a-la-instalacion-de-ascensores_digitalizacion.\"><\/object><a id=\"wp-block-file--media-dbb63b11-5c6e-42cc-a38a-f192e3e58b81\" href=\"https:\/\/simposioelevacion.com\/wp-content\/uploads\/2024\/05\/4-BELTRAN-ASCENSORES_-Metrologia-laser-aplicada-a-la-instalacion-de-ascensores_digitalizacion.pdf\">4-BELTRAN-ASCENSORES_-Metrologia-laser-aplicada-a-la-instalacion-de-ascensores_digitalizacion<\/a><a href=\"https:\/\/simposioelevacion.com\/wp-content\/uploads\/2024\/05\/4-BELTRAN-ASCENSORES_-Metrologia-laser-aplicada-a-la-instalacion-de-ascensores_digitalizacion.pdf\" class=\"wp-block-file__button wp-element-button\" download aria-describedby=\"wp-block-file--media-dbb63b11-5c6e-42cc-a38a-f192e3e58b81\">Descarga<\/a><\/div>\n\n\n\n<div data-wp-interactive=\"core\/file\" class=\"wp-block-file\"><object data-wp-bind--hidden=\"!state.hasPdfPreview\" hidden class=\"wp-block-file__embed\" data=\"https:\/\/simposioelevacion.com\/wp-content\/uploads\/2024\/05\/Aplicacion-de-metrologia-laser-en-la-instalacion-de-ascensores-Lorenzo-Beltran.pdf\" type=\"application\/pdf\" style=\"width:100%;height:600px\" aria-label=\"Incrustado de Aplicacion-de-metrologia-laser-en-la-instalacion-de-ascensores-Lorenzo-Beltran.\"><\/object><a id=\"wp-block-file--media-2a534fd6-4549-406d-b6d6-bd6155ca9623\" href=\"https:\/\/simposioelevacion.com\/wp-content\/uploads\/2024\/05\/Aplicacion-de-metrologia-laser-en-la-instalacion-de-ascensores-Lorenzo-Beltran.pdf\">Aplicacion-de-metrologia-laser-en-la-instalacion-de-ascensores-Lorenzo-Beltran<\/a><a href=\"https:\/\/simposioelevacion.com\/wp-content\/uploads\/2024\/05\/Aplicacion-de-metrologia-laser-en-la-instalacion-de-ascensores-Lorenzo-Beltran.pdf\" class=\"wp-block-file__button wp-element-button\" download aria-describedby=\"wp-block-file--media-2a534fd6-4549-406d-b6d6-bd6155ca9623\">Descarga<\/a><\/div>\n\n\n\n<div class=\"wp-block-cover wp-duotone-unset-3\" style=\"min-height:50px;aspect-ratio:unset;\"><span aria-hidden=\"true\" class=\"wp-block-cover__background has-background-dim\"><\/span><img loading=\"lazy\" decoding=\"async\" width=\"512\" height=\"288\" class=\"wp-block-cover__image-background wp-image-1067\" alt=\"\" src=\"https:\/\/simposioelevacion.com\/wp-content\/uploads\/2024\/05\/cropped-icono-sieme-edited.png\" data-object-fit=\"cover\" srcset=\"https:\/\/simposioelevacion.com\/wp-content\/uploads\/2024\/05\/cropped-icono-sieme-edited.png 512w, https:\/\/simposioelevacion.com\/wp-content\/uploads\/2024\/05\/cropped-icono-sieme-edited-300x169.png 300w\" sizes=\"auto, (max-width: 512px) 100vw, 512px\" \/><div class=\"wp-block-cover__inner-container is-layout-flow wp-block-cover-is-layout-flow\">\n<h2 class=\"wp-block-heading has-text-align-center\">WITTUR<\/h2>\n\n\n\n<h2 class=\"wp-block-heading\">La complejidad de automatizar, automatizar la complejidad\n<\/h2>\n<\/div><\/div>\n\n\n\n<div data-wp-interactive=\"core\/file\" class=\"wp-block-file\"><object data-wp-bind--hidden=\"!state.hasPdfPreview\" hidden class=\"wp-block-file__embed\" data=\"https:\/\/simposioelevacion.com\/wp-content\/uploads\/2024\/05\/16-WITTUR_La-complejidad-de-automatizar-automatizar-la-complejidad_digitalizacion.pdf\" type=\"application\/pdf\" style=\"width:100%;height:600px\" aria-label=\"Incrustado de 16-WITTUR_La-complejidad-de-automatizar-automatizar-la-complejidad_digitalizacion.\"><\/object><a id=\"wp-block-file--media-467de8c1-11a5-4c74-936e-dfbd37faed23\" href=\"https:\/\/simposioelevacion.com\/wp-content\/uploads\/2024\/05\/16-WITTUR_La-complejidad-de-automatizar-automatizar-la-complejidad_digitalizacion.pdf\">16-WITTUR_La-complejidad-de-automatizar-automatizar-la-complejidad_digitalizacion<\/a><a href=\"https:\/\/simposioelevacion.com\/wp-content\/uploads\/2024\/05\/16-WITTUR_La-complejidad-de-automatizar-automatizar-la-complejidad_digitalizacion.pdf\" class=\"wp-block-file__button wp-element-button\" download aria-describedby=\"wp-block-file--media-467de8c1-11a5-4c74-936e-dfbd37faed23\">Descarga<\/a><\/div>\n\n\n\n<div data-wp-interactive=\"core\/file\" class=\"wp-block-file\"><object data-wp-bind--hidden=\"!state.hasPdfPreview\" hidden class=\"wp-block-file__embed\" data=\"https:\/\/simposioelevacion.com\/wp-content\/uploads\/2024\/05\/La-complejidad-de-automatizar-automatizar-la-complejidad-Wittur_compressed.pdf\" type=\"application\/pdf\" style=\"width:100%;height:600px\" aria-label=\"Incrustado de La-complejidad-de-automatizar-automatizar-la-complejidad-Wittur_compressed.\"><\/object><a id=\"wp-block-file--media-35a8c09e-02d5-449a-ad51-dca59dcbd50b\" href=\"https:\/\/simposioelevacion.com\/wp-content\/uploads\/2024\/05\/La-complejidad-de-automatizar-automatizar-la-complejidad-Wittur_compressed.pdf\">La-complejidad-de-automatizar-automatizar-la-complejidad-Wittur_compressed<\/a><a href=\"https:\/\/simposioelevacion.com\/wp-content\/uploads\/2024\/05\/La-complejidad-de-automatizar-automatizar-la-complejidad-Wittur_compressed.pdf\" class=\"wp-block-file__button wp-element-button\" download aria-describedby=\"wp-block-file--media-35a8c09e-02d5-449a-ad51-dca59dcbd50b\">Descarga<\/a><\/div>\n","protected":false},"excerpt":{"rendered":"<p>Foro: Digitalizaci\u00f3n<\/p>\n","protected":false},"author":1,"featured_media":0,"parent":0,"menu_order":0,"comment_status":"closed","ping_status":"closed","template":"","meta":{"footnotes":""},"class_list":["post-1102","page","type-page","status-publish","hentry"],"yoast_head":"<!-- This site is optimized with the Yoast SEO plugin v22.2 - https:\/\/yoast.com\/wordpress\/plugins\/seo\/ -->\n<title>Foro Digitalizaci\u00f3n - Simposio Internacional de Elevaci\u00f3n y Movilidad en Edificios (SIEME)<\/title>\n<meta name=\"robots\" content=\"index, follow, max-snippet:-1, max-image-preview:large, max-video-preview:-1\" \/>\n<link rel=\"canonical\" href=\"https:\/\/simposioelevacion.com\/index.php\/foro-digitalizacion\/\" \/>\n<meta property=\"og:locale\" content=\"es_ES\" \/>\n<meta property=\"og:type\" content=\"article\" \/>\n<meta property=\"og:title\" content=\"Foro Digitalizaci\u00f3n - Simposio Internacional de Elevaci\u00f3n y Movilidad en Edificios (SIEME)\" \/>\n<meta property=\"og:description\" content=\"Foro: Digitalizaci\u00f3n\" \/>\n<meta property=\"og:url\" content=\"https:\/\/simposioelevacion.com\/index.php\/foro-digitalizacion\/\" \/>\n<meta property=\"og:site_name\" content=\"Simposio Internacional de Elevaci\u00f3n y Movilidad en Edificios (SIEME)\" \/>\n<meta property=\"article:modified_time\" content=\"2024-05-31T16:28:23+00:00\" \/>\n<meta property=\"og:image\" content=\"https:\/\/simposioelevacion.com\/wp-content\/uploads\/2024\/05\/cropped-icono-sieme-edited.png\" \/>\n<meta name=\"twitter:card\" content=\"summary_large_image\" \/>\n<meta name=\"twitter:label1\" content=\"Tiempo de lectura\" \/>\n\t<meta name=\"twitter:data1\" content=\"1 minuto\" \/>\n<script type=\"application\/ld+json\" class=\"yoast-schema-graph\">{\"@context\":\"https:\/\/schema.org\",\"@graph\":[{\"@type\":\"WebPage\",\"@id\":\"https:\/\/simposioelevacion.com\/index.php\/foro-digitalizacion\/\",\"url\":\"https:\/\/simposioelevacion.com\/index.php\/foro-digitalizacion\/\",\"name\":\"Foro Digitalizaci\u00f3n - Simposio Internacional de Elevaci\u00f3n y Movilidad en Edificios (SIEME)\",\"isPartOf\":{\"@id\":\"https:\/\/simposioelevacion.com\/#website\"},\"primaryImageOfPage\":{\"@id\":\"https:\/\/simposioelevacion.com\/index.php\/foro-digitalizacion\/#primaryimage\"},\"image\":{\"@id\":\"https:\/\/simposioelevacion.com\/index.php\/foro-digitalizacion\/#primaryimage\"},\"thumbnailUrl\":\"https:\/\/simposioelevacion.com\/wp-content\/uploads\/2024\/05\/cropped-icono-sieme-edited.png\",\"datePublished\":\"2024-05-25T15:41:45+00:00\",\"dateModified\":\"2024-05-31T16:28:23+00:00\",\"breadcrumb\":{\"@id\":\"https:\/\/simposioelevacion.com\/index.php\/foro-digitalizacion\/#breadcrumb\"},\"inLanguage\":\"es\",\"potentialAction\":[{\"@type\":\"ReadAction\",\"target\":[\"https:\/\/simposioelevacion.com\/index.php\/foro-digitalizacion\/\"]}]},{\"@type\":\"ImageObject\",\"inLanguage\":\"es\",\"@id\":\"https:\/\/simposioelevacion.com\/index.php\/foro-digitalizacion\/#primaryimage\",\"url\":\"https:\/\/simposioelevacion.com\/wp-content\/uploads\/2024\/05\/cropped-icono-sieme-edited.png\",\"contentUrl\":\"https:\/\/simposioelevacion.com\/wp-content\/uploads\/2024\/05\/cropped-icono-sieme-edited.png\",\"width\":512,\"height\":288},{\"@type\":\"BreadcrumbList\",\"@id\":\"https:\/\/simposioelevacion.com\/index.php\/foro-digitalizacion\/#breadcrumb\",\"itemListElement\":[{\"@type\":\"ListItem\",\"position\":1,\"name\":\"Portada\",\"item\":\"https:\/\/simposioelevacion.com\/\"},{\"@type\":\"ListItem\",\"position\":2,\"name\":\"Foro Digitalizaci\u00f3n\"}]},{\"@type\":\"WebSite\",\"@id\":\"https:\/\/simposioelevacion.com\/#website\",\"url\":\"https:\/\/simposioelevacion.com\/\",\"name\":\"Simposio Internacional de Elevaci\u00f3n y Movilidad en Edificios (SIEME)\",\"description\":\"Simposio Internacional de Elevaci\u00f3n y Movilidad en Edificios (SIEME)\",\"publisher\":{\"@id\":\"https:\/\/simposioelevacion.com\/#organization\"},\"potentialAction\":[{\"@type\":\"SearchAction\",\"target\":{\"@type\":\"EntryPoint\",\"urlTemplate\":\"https:\/\/simposioelevacion.com\/?s={search_term_string}\"},\"query-input\":\"required name=search_term_string\"}],\"inLanguage\":\"es\"},{\"@type\":\"Organization\",\"@id\":\"https:\/\/simposioelevacion.com\/#organization\",\"name\":\"Simposio Internacional de Elevaci\u00f3n y Movilidad en Edificios (SIEME)\",\"url\":\"https:\/\/simposioelevacion.com\/\",\"logo\":{\"@type\":\"ImageObject\",\"inLanguage\":\"es\",\"@id\":\"https:\/\/simposioelevacion.com\/#\/schema\/logo\/image\/\",\"url\":\"https:\/\/simposioelevacion.com\/wp-content\/uploads\/2023\/07\/icono-sieme.png\",\"contentUrl\":\"https:\/\/simposioelevacion.com\/wp-content\/uploads\/2023\/07\/icono-sieme.png\",\"width\":512,\"height\":512,\"caption\":\"Simposio Internacional de Elevaci\u00f3n y Movilidad en Edificios (SIEME)\"},\"image\":{\"@id\":\"https:\/\/simposioelevacion.com\/#\/schema\/logo\/image\/\"}}]}<\/script>\n<!-- \/ Yoast SEO plugin. -->","yoast_head_json":{"title":"Foro Digitalizaci\u00f3n - Simposio Internacional de Elevaci\u00f3n y Movilidad en Edificios (SIEME)","robots":{"index":"index","follow":"follow","max-snippet":"max-snippet:-1","max-image-preview":"max-image-preview:large","max-video-preview":"max-video-preview:-1"},"canonical":"https:\/\/simposioelevacion.com\/index.php\/foro-digitalizacion\/","og_locale":"es_ES","og_type":"article","og_title":"Foro Digitalizaci\u00f3n - Simposio Internacional de Elevaci\u00f3n y Movilidad en Edificios (SIEME)","og_description":"Foro: Digitalizaci\u00f3n","og_url":"https:\/\/simposioelevacion.com\/index.php\/foro-digitalizacion\/","og_site_name":"Simposio Internacional de Elevaci\u00f3n y Movilidad en Edificios (SIEME)","article_modified_time":"2024-05-31T16:28:23+00:00","og_image":[{"url":"https:\/\/simposioelevacion.com\/wp-content\/uploads\/2024\/05\/cropped-icono-sieme-edited.png"}],"twitter_card":"summary_large_image","twitter_misc":{"Tiempo de lectura":"1 minuto"},"schema":{"@context":"https:\/\/schema.org","@graph":[{"@type":"WebPage","@id":"https:\/\/simposioelevacion.com\/index.php\/foro-digitalizacion\/","url":"https:\/\/simposioelevacion.com\/index.php\/foro-digitalizacion\/","name":"Foro Digitalizaci\u00f3n - Simposio Internacional de Elevaci\u00f3n y Movilidad en Edificios (SIEME)","isPartOf":{"@id":"https:\/\/simposioelevacion.com\/#website"},"primaryImageOfPage":{"@id":"https:\/\/simposioelevacion.com\/index.php\/foro-digitalizacion\/#primaryimage"},"image":{"@id":"https:\/\/simposioelevacion.com\/index.php\/foro-digitalizacion\/#primaryimage"},"thumbnailUrl":"https:\/\/simposioelevacion.com\/wp-content\/uploads\/2024\/05\/cropped-icono-sieme-edited.png","datePublished":"2024-05-25T15:41:45+00:00","dateModified":"2024-05-31T16:28:23+00:00","breadcrumb":{"@id":"https:\/\/simposioelevacion.com\/index.php\/foro-digitalizacion\/#breadcrumb"},"inLanguage":"es","potentialAction":[{"@type":"ReadAction","target":["https:\/\/simposioelevacion.com\/index.php\/foro-digitalizacion\/"]}]},{"@type":"ImageObject","inLanguage":"es","@id":"https:\/\/simposioelevacion.com\/index.php\/foro-digitalizacion\/#primaryimage","url":"https:\/\/simposioelevacion.com\/wp-content\/uploads\/2024\/05\/cropped-icono-sieme-edited.png","contentUrl":"https:\/\/simposioelevacion.com\/wp-content\/uploads\/2024\/05\/cropped-icono-sieme-edited.png","width":512,"height":288},{"@type":"BreadcrumbList","@id":"https:\/\/simposioelevacion.com\/index.php\/foro-digitalizacion\/#breadcrumb","itemListElement":[{"@type":"ListItem","position":1,"name":"Portada","item":"https:\/\/simposioelevacion.com\/"},{"@type":"ListItem","position":2,"name":"Foro Digitalizaci\u00f3n"}]},{"@type":"WebSite","@id":"https:\/\/simposioelevacion.com\/#website","url":"https:\/\/simposioelevacion.com\/","name":"Simposio Internacional de Elevaci\u00f3n y Movilidad en Edificios (SIEME)","description":"Simposio Internacional de Elevaci\u00f3n y Movilidad en Edificios (SIEME)","publisher":{"@id":"https:\/\/simposioelevacion.com\/#organization"},"potentialAction":[{"@type":"SearchAction","target":{"@type":"EntryPoint","urlTemplate":"https:\/\/simposioelevacion.com\/?s={search_term_string}"},"query-input":"required name=search_term_string"}],"inLanguage":"es"},{"@type":"Organization","@id":"https:\/\/simposioelevacion.com\/#organization","name":"Simposio Internacional de Elevaci\u00f3n y Movilidad en Edificios (SIEME)","url":"https:\/\/simposioelevacion.com\/","logo":{"@type":"ImageObject","inLanguage":"es","@id":"https:\/\/simposioelevacion.com\/#\/schema\/logo\/image\/","url":"https:\/\/simposioelevacion.com\/wp-content\/uploads\/2023\/07\/icono-sieme.png","contentUrl":"https:\/\/simposioelevacion.com\/wp-content\/uploads\/2023\/07\/icono-sieme.png","width":512,"height":512,"caption":"Simposio Internacional de Elevaci\u00f3n y Movilidad en Edificios (SIEME)"},"image":{"@id":"https:\/\/simposioelevacion.com\/#\/schema\/logo\/image\/"}}]}},"_links":{"self":[{"href":"https:\/\/simposioelevacion.com\/index.php\/wp-json\/wp\/v2\/pages\/1102","targetHints":{"allow":["GET"]}}],"collection":[{"href":"https:\/\/simposioelevacion.com\/index.php\/wp-json\/wp\/v2\/pages"}],"about":[{"href":"https:\/\/simposioelevacion.com\/index.php\/wp-json\/wp\/v2\/types\/page"}],"author":[{"embeddable":true,"href":"https:\/\/simposioelevacion.com\/index.php\/wp-json\/wp\/v2\/users\/1"}],"replies":[{"embeddable":true,"href":"https:\/\/simposioelevacion.com\/index.php\/wp-json\/wp\/v2\/comments?post=1102"}],"version-history":[{"count":3,"href":"https:\/\/simposioelevacion.com\/index.php\/wp-json\/wp\/v2\/pages\/1102\/revisions"}],"predecessor-version":[{"id":1137,"href":"https:\/\/simposioelevacion.com\/index.php\/wp-json\/wp\/v2\/pages\/1102\/revisions\/1137"}],"wp:attachment":[{"href":"https:\/\/simposioelevacion.com\/index.php\/wp-json\/wp\/v2\/media?parent=1102"}],"curies":[{"name":"wp","href":"https:\/\/api.w.org\/{rel}","templated":true}]}}