{"id":1096,"date":"2024-05-25T15:37:17","date_gmt":"2024-05-25T15:37:17","guid":{"rendered":"https:\/\/simposioelevacion.com\/?page_id=1096"},"modified":"2024-05-31T16:42:36","modified_gmt":"2024-05-31T16:42:36","slug":"foro-energia-y-economia-circular","status":"publish","type":"page","link":"https:\/\/simposioelevacion.com\/index.php\/foro-energia-y-economia-circular\/","title":{"rendered":"Foro Energ\u00eda y econom\u00eda circular"},"content":{"rendered":"\n<h2 class=\"wp-block-heading\">Foro: Energ\u00eda y econom\u00eda circular<\/h2>\n\n\n\n<div class=\"wp-block-cover wp-duotone-unset-1\" style=\"min-height:137px;aspect-ratio:unset;\"><span aria-hidden=\"true\" class=\"wp-block-cover__background has-background-dim\"><\/span><img loading=\"lazy\" decoding=\"async\" width=\"512\" height=\"288\" class=\"wp-block-cover__image-background wp-image-1067\" alt=\"\" src=\"https:\/\/simposioelevacion.com\/wp-content\/uploads\/2024\/05\/cropped-icono-sieme-edited.png\" data-object-fit=\"cover\" srcset=\"https:\/\/simposioelevacion.com\/wp-content\/uploads\/2024\/05\/cropped-icono-sieme-edited.png 512w, https:\/\/simposioelevacion.com\/wp-content\/uploads\/2024\/05\/cropped-icono-sieme-edited-300x169.png 300w\" sizes=\"auto, (max-width: 512px) 100vw, 512px\" \/><div class=\"wp-block-cover__inner-container is-layout-flow wp-block-cover-is-layout-flow\">\n<h2 class=\"wp-block-heading has-text-align-center\">EHC DRAKA<\/h2>\n\n\n\n<h2 class=\"wp-block-heading has-text-align-center\">Movilidad vertical sostenible<\/h2>\n<\/div><\/div>\n\n\n\n<div data-wp-interactive=\"core\/file\" class=\"wp-block-file\"><object data-wp-bind--hidden=\"!state.hasPdfPreview\" hidden class=\"wp-block-file__embed\" data=\"https:\/\/simposioelevacion.com\/wp-content\/uploads\/2024\/05\/8-DRAKA-EHC-PRYSMIAN_Movilidad-Vertical-Sostenible_energia-y-economia-circular.pdf\" type=\"application\/pdf\" style=\"width:100%;height:600px\" aria-label=\"Incrustado de 8-DRAKA-EHC-PRYSMIAN_Movilidad-Vertical-Sostenible_energia-y-economia-circular.\"><\/object><a id=\"wp-block-file--media-31176bc1-9847-4d16-98d3-ea080eeb2185\" href=\"https:\/\/simposioelevacion.com\/wp-content\/uploads\/2024\/05\/8-DRAKA-EHC-PRYSMIAN_Movilidad-Vertical-Sostenible_energia-y-economia-circular.pdf\">8-DRAKA-EHC-PRYSMIAN_Movilidad-Vertical-Sostenible_energia-y-economia-circular<\/a><a href=\"https:\/\/simposioelevacion.com\/wp-content\/uploads\/2024\/05\/8-DRAKA-EHC-PRYSMIAN_Movilidad-Vertical-Sostenible_energia-y-economia-circular.pdf\" class=\"wp-block-file__button wp-element-button\" download aria-describedby=\"wp-block-file--media-31176bc1-9847-4d16-98d3-ea080eeb2185\">Descarga<\/a><\/div>\n\n\n\n<div data-wp-interactive=\"core\/file\" class=\"wp-block-file\"><object data-wp-bind--hidden=\"!state.hasPdfPreview\" hidden class=\"wp-block-file__embed\" data=\"https:\/\/simposioelevacion.com\/wp-content\/uploads\/2024\/05\/Movilidad-Vertical-Sostenible-Prysmian_compressed.pdf\" type=\"application\/pdf\" style=\"width:100%;height:600px\" aria-label=\"Incrustado de Movilidad-Vertical-Sostenible-Prysmian_compressed.\"><\/object><a id=\"wp-block-file--media-ef25af70-7ed1-42d7-9f5a-9f62252eef25\" href=\"https:\/\/simposioelevacion.com\/wp-content\/uploads\/2024\/05\/Movilidad-Vertical-Sostenible-Prysmian_compressed.pdf\">Movilidad-Vertical-Sostenible-Prysmian_compressed<\/a><a href=\"https:\/\/simposioelevacion.com\/wp-content\/uploads\/2024\/05\/Movilidad-Vertical-Sostenible-Prysmian_compressed.pdf\" class=\"wp-block-file__button wp-element-button\" download aria-describedby=\"wp-block-file--media-ef25af70-7ed1-42d7-9f5a-9f62252eef25\">Descarga<\/a><\/div>\n\n\n\n<div class=\"wp-block-cover wp-duotone-unset-2\" style=\"min-height:137px;aspect-ratio:unset;\"><span aria-hidden=\"true\" class=\"wp-block-cover__background has-background-dim\"><\/span><img loading=\"lazy\" decoding=\"async\" width=\"512\" height=\"288\" class=\"wp-block-cover__image-background wp-image-1067\" alt=\"\" src=\"https:\/\/simposioelevacion.com\/wp-content\/uploads\/2024\/05\/cropped-icono-sieme-edited.png\" data-object-fit=\"cover\" srcset=\"https:\/\/simposioelevacion.com\/wp-content\/uploads\/2024\/05\/cropped-icono-sieme-edited.png 512w, https:\/\/simposioelevacion.com\/wp-content\/uploads\/2024\/05\/cropped-icono-sieme-edited-300x169.png 300w\" sizes=\"auto, (max-width: 512px) 100vw, 512px\" \/><div class=\"wp-block-cover__inner-container is-layout-flow wp-block-cover-is-layout-flow\">\n<h2 class=\"wp-block-heading has-text-align-center has-large-font-size\">C\u00c1MARA DE ASCENSORES DE ARGENTINA<\/h2>\n\n\n\n<h2 class=\"wp-block-heading has-text-align-center has-large-font-size\">Sostenibilidad &amp; Digitalizaci\u00f3n: el proyecto del ascensor social<\/h2>\n<\/div><\/div>\n\n\n\n<div data-wp-interactive=\"core\/file\" class=\"wp-block-file\"><object data-wp-bind--hidden=\"!state.hasPdfPreview\" hidden class=\"wp-block-file__embed\" data=\"https:\/\/simposioelevacion.com\/wp-content\/uploads\/2024\/05\/9-CAMARA-ASCENSORES-ARGENTINA_Sostenibilidad-y-Digitalizacion.-El-proyecto-de-Ascensor-Social_energia-y-economia-circular_compressed.pdf\" type=\"application\/pdf\" style=\"width:100%;height:600px\" aria-label=\"Incrustado de 9-CAMARA-ASCENSORES-ARGENTINA_Sostenibilidad-y-Digitalizacion.-El-proyecto-de-Ascensor-Social_energia-y-economia-circular_compressed.\"><\/object><a id=\"wp-block-file--media-c53f689a-bca4-48b5-95f4-4c6f95b4d68a\" href=\"https:\/\/simposioelevacion.com\/wp-content\/uploads\/2024\/05\/9-CAMARA-ASCENSORES-ARGENTINA_Sostenibilidad-y-Digitalizacion.-El-proyecto-de-Ascensor-Social_energia-y-economia-circular_compressed.pdf\">9-CAMARA-ASCENSORES-ARGENTINA_Sostenibilidad-y-Digitalizacion.-El-proyecto-de-Ascensor-Social_energia-y-economia-circular_compressed<\/a><a href=\"https:\/\/simposioelevacion.com\/wp-content\/uploads\/2024\/05\/9-CAMARA-ASCENSORES-ARGENTINA_Sostenibilidad-y-Digitalizacion.-El-proyecto-de-Ascensor-Social_energia-y-economia-circular_compressed.pdf\" class=\"wp-block-file__button wp-element-button\" download aria-describedby=\"wp-block-file--media-c53f689a-bca4-48b5-95f4-4c6f95b4d68a\">Descarga<\/a><\/div>\n\n\n\n<div data-wp-interactive=\"core\/file\" class=\"wp-block-file\"><object data-wp-bind--hidden=\"!state.hasPdfPreview\" hidden class=\"wp-block-file__embed\" data=\"https:\/\/simposioelevacion.com\/wp-content\/uploads\/2024\/05\/Sostenibilidad-y-Digitalizacion.-El-proyecto-del-ascensor-social.-Alea-Guillemi_compressed.pdf\" type=\"application\/pdf\" style=\"width:100%;height:600px\" aria-label=\"Incrustado de Sostenibilidad-y-Digitalizacion.-El-proyecto-del-ascensor-social.-Alea-Guillemi_compressed.\"><\/object><a id=\"wp-block-file--media-eccb5bef-c628-4b24-ab86-0790a95be3fc\" href=\"https:\/\/simposioelevacion.com\/wp-content\/uploads\/2024\/05\/Sostenibilidad-y-Digitalizacion.-El-proyecto-del-ascensor-social.-Alea-Guillemi_compressed.pdf\">Sostenibilidad-y-Digitalizacion.-El-proyecto-del-ascensor-social.-Alea-Guillemi_compressed<\/a><a href=\"https:\/\/simposioelevacion.com\/wp-content\/uploads\/2024\/05\/Sostenibilidad-y-Digitalizacion.-El-proyecto-del-ascensor-social.-Alea-Guillemi_compressed.pdf\" class=\"wp-block-file__button wp-element-button\" download aria-describedby=\"wp-block-file--media-eccb5bef-c628-4b24-ab86-0790a95be3fc\">Descarga<\/a><\/div>\n\n\n\n<div class=\"wp-block-cover wp-duotone-unset-3\" style=\"min-height:50px;aspect-ratio:unset;\"><span aria-hidden=\"true\" class=\"wp-block-cover__background has-background-dim\"><\/span><img loading=\"lazy\" decoding=\"async\" width=\"512\" height=\"288\" class=\"wp-block-cover__image-background wp-image-1067\" alt=\"\" src=\"https:\/\/simposioelevacion.com\/wp-content\/uploads\/2024\/05\/cropped-icono-sieme-edited.png\" data-object-fit=\"cover\" srcset=\"https:\/\/simposioelevacion.com\/wp-content\/uploads\/2024\/05\/cropped-icono-sieme-edited.png 512w, https:\/\/simposioelevacion.com\/wp-content\/uploads\/2024\/05\/cropped-icono-sieme-edited-300x169.png 300w\" sizes=\"auto, (max-width: 512px) 100vw, 512px\" \/><div class=\"wp-block-cover__inner-container is-layout-flow wp-block-cover-is-layout-flow\">\n<h2 class=\"wp-block-heading has-text-align-center\">ITA Instituto Tecnol\u00f3gico de Arag\u00f3n<\/h2>\n\n\n\n<h2 class=\"wp-block-heading\">Principios de econom\u00eda circular en el sector de ascensor\n<\/h2>\n<\/div><\/div>\n\n\n\n<div data-wp-interactive=\"core\/file\" class=\"wp-block-file\"><object data-wp-bind--hidden=\"!state.hasPdfPreview\" hidden class=\"wp-block-file__embed\" data=\"https:\/\/simposioelevacion.com\/wp-content\/uploads\/2024\/05\/13-ITA_Principios-de-economia-circular-en-el-sector-de-ascensor_energia-y-economia-circular.pdf\" type=\"application\/pdf\" style=\"width:100%;height:600px\" aria-label=\"Incrustado de 13-ITA_Principios-de-economia-circular-en-el-sector-de-ascensor_energia-y-economia-circular.\"><\/object><a id=\"wp-block-file--media-5b2f1e51-7120-4d96-8deb-db1e2c89e09e\" href=\"https:\/\/simposioelevacion.com\/wp-content\/uploads\/2024\/05\/13-ITA_Principios-de-economia-circular-en-el-sector-de-ascensor_energia-y-economia-circular.pdf\">13-ITA_Principios-de-economia-circular-en-el-sector-de-ascensor_energia-y-economia-circular<\/a><a href=\"https:\/\/simposioelevacion.com\/wp-content\/uploads\/2024\/05\/13-ITA_Principios-de-economia-circular-en-el-sector-de-ascensor_energia-y-economia-circular.pdf\" class=\"wp-block-file__button wp-element-button\" download aria-describedby=\"wp-block-file--media-5b2f1e51-7120-4d96-8deb-db1e2c89e09e\">Descarga<\/a><\/div>\n\n\n\n\n\n<div class=\"wp-block-cover wp-duotone-unset-4\" style=\"min-height:50px;aspect-ratio:unset;\"><span aria-hidden=\"true\" class=\"wp-block-cover__background has-background-dim\"><\/span><img loading=\"lazy\" decoding=\"async\" width=\"512\" height=\"288\" class=\"wp-block-cover__image-background wp-image-1067\" alt=\"\" src=\"https:\/\/simposioelevacion.com\/wp-content\/uploads\/2024\/05\/cropped-icono-sieme-edited.png\" data-object-fit=\"cover\" srcset=\"https:\/\/simposioelevacion.com\/wp-content\/uploads\/2024\/05\/cropped-icono-sieme-edited.png 512w, https:\/\/simposioelevacion.com\/wp-content\/uploads\/2024\/05\/cropped-icono-sieme-edited-300x169.png 300w\" sizes=\"auto, (max-width: 512px) 100vw, 512px\" \/><div class=\"wp-block-cover__inner-container is-layout-flow wp-block-cover-is-layout-flow\">\n<h2 class=\"wp-block-heading has-text-align-center has-large-font-size\">EPIC POWER<\/h2>\n\n\n\n<h2 class=\"wp-block-heading has-text-align-center\">Falsos mitos acerca del consumo el\u00e9ctrico del ascensor, lecciones aprendidas<\/h2>\n<\/div><\/div>\n\n\n\n<div data-wp-interactive=\"core\/file\" class=\"wp-block-file\"><object data-wp-bind--hidden=\"!state.hasPdfPreview\" hidden class=\"wp-block-file__embed\" data=\"https:\/\/simposioelevacion.com\/wp-content\/uploads\/2024\/05\/14-EPIC-POWER_Falsos-mitos-acerca-del-consumo-electrico-del-ascensor-lecciones-aprendidas_energia-y-economia-circular.pdf\" type=\"application\/pdf\" style=\"width:100%;height:600px\" aria-label=\"Incrustado de 14-EPIC-POWER_Falsos-mitos-acerca-del-consumo-electrico-del-ascensor-lecciones-aprendidas_energia-y-economia-circular.\"><\/object><a id=\"wp-block-file--media-ec51df49-532d-4abf-a81c-ada511764e26\" href=\"https:\/\/simposioelevacion.com\/wp-content\/uploads\/2024\/05\/14-EPIC-POWER_Falsos-mitos-acerca-del-consumo-electrico-del-ascensor-lecciones-aprendidas_energia-y-economia-circular.pdf\">14-EPIC-POWER_Falsos-mitos-acerca-del-consumo-electrico-del-ascensor-lecciones-aprendidas_energia-y-economia-circular<\/a><a href=\"https:\/\/simposioelevacion.com\/wp-content\/uploads\/2024\/05\/14-EPIC-POWER_Falsos-mitos-acerca-del-consumo-electrico-del-ascensor-lecciones-aprendidas_energia-y-economia-circular.pdf\" class=\"wp-block-file__button wp-element-button\" download aria-describedby=\"wp-block-file--media-ec51df49-532d-4abf-a81c-ada511764e26\">Descarga<\/a><\/div>\n\n\n\n<div data-wp-interactive=\"core\/file\" class=\"wp-block-file\"><object data-wp-bind--hidden=\"!state.hasPdfPreview\" hidden class=\"wp-block-file__embed\" data=\"https:\/\/simposioelevacion.com\/wp-content\/uploads\/2024\/05\/Falsos-mitos-Epicpower_Molina_compressed.pdf\" type=\"application\/pdf\" style=\"width:100%;height:600px\" aria-label=\"Incrustado de Falsos-mitos-Epicpower_Molina_compressed.\"><\/object><a id=\"wp-block-file--media-4cc87735-ae2a-4fea-8f03-bc919e54fffc\" href=\"https:\/\/simposioelevacion.com\/wp-content\/uploads\/2024\/05\/Falsos-mitos-Epicpower_Molina_compressed.pdf\">Falsos-mitos-Epicpower_Molina_compressed<\/a><a href=\"https:\/\/simposioelevacion.com\/wp-content\/uploads\/2024\/05\/Falsos-mitos-Epicpower_Molina_compressed.pdf\" class=\"wp-block-file__button wp-element-button\" download aria-describedby=\"wp-block-file--media-4cc87735-ae2a-4fea-8f03-bc919e54fffc\">Descarga<\/a><\/div>\n","protected":false},"excerpt":{"rendered":"<p>Foro: Energ\u00eda y econom\u00eda circular<\/p>\n","protected":false},"author":1,"featured_media":0,"parent":0,"menu_order":0,"comment_status":"closed","ping_status":"closed","template":"","meta":{"footnotes":""},"class_list":["post-1096","page","type-page","status-publish","hentry"],"yoast_head":"<!-- This site is optimized with the Yoast SEO plugin v27.4 - https:\/\/yoast.com\/product\/yoast-seo-wordpress\/ -->\n<title>Foro Energ\u00eda y econom\u00eda circular - Simposio Internacional de Elevaci\u00f3n y Movilidad en Edificios (SIEME)<\/title>\n<meta name=\"robots\" content=\"index, follow, max-snippet:-1, max-image-preview:large, max-video-preview:-1\" \/>\n<link rel=\"canonical\" href=\"https:\/\/simposioelevacion.com\/index.php\/foro-energia-y-economia-circular\/\" \/>\n<meta property=\"og:locale\" content=\"es_ES\" \/>\n<meta property=\"og:type\" content=\"article\" \/>\n<meta property=\"og:title\" content=\"Foro Energ\u00eda y econom\u00eda circular - Simposio Internacional de Elevaci\u00f3n y Movilidad en Edificios (SIEME)\" \/>\n<meta property=\"og:description\" content=\"Foro: Energ\u00eda y econom\u00eda circular\" \/>\n<meta property=\"og:url\" content=\"https:\/\/simposioelevacion.com\/index.php\/foro-energia-y-economia-circular\/\" \/>\n<meta property=\"og:site_name\" content=\"Simposio Internacional de Elevaci\u00f3n y Movilidad en Edificios (SIEME)\" \/>\n<meta property=\"article:modified_time\" content=\"2024-05-31T16:42:36+00:00\" \/>\n<meta property=\"og:image\" content=\"https:\/\/simposioelevacion.com\/wp-content\/uploads\/2024\/05\/cropped-icono-sieme-edited.png\" \/>\n<meta name=\"twitter:card\" content=\"summary_large_image\" \/>\n<meta name=\"twitter:label1\" content=\"Tiempo de lectura\" \/>\n\t<meta name=\"twitter:data1\" content=\"2 minutos\" \/>\n<script type=\"application\/ld+json\" class=\"yoast-schema-graph\">{\"@context\":\"https:\\\/\\\/schema.org\",\"@graph\":[{\"@type\":\"WebPage\",\"@id\":\"https:\\\/\\\/simposioelevacion.com\\\/index.php\\\/foro-energia-y-economia-circular\\\/\",\"url\":\"https:\\\/\\\/simposioelevacion.com\\\/index.php\\\/foro-energia-y-economia-circular\\\/\",\"name\":\"Foro Energ\u00eda y econom\u00eda circular - Simposio Internacional de Elevaci\u00f3n y Movilidad en Edificios (SIEME)\",\"isPartOf\":{\"@id\":\"https:\\\/\\\/simposioelevacion.com\\\/#website\"},\"primaryImageOfPage\":{\"@id\":\"https:\\\/\\\/simposioelevacion.com\\\/index.php\\\/foro-energia-y-economia-circular\\\/#primaryimage\"},\"image\":{\"@id\":\"https:\\\/\\\/simposioelevacion.com\\\/index.php\\\/foro-energia-y-economia-circular\\\/#primaryimage\"},\"thumbnailUrl\":\"https:\\\/\\\/simposioelevacion.com\\\/wp-content\\\/uploads\\\/2024\\\/05\\\/cropped-icono-sieme-edited.png\",\"datePublished\":\"2024-05-25T15:37:17+00:00\",\"dateModified\":\"2024-05-31T16:42:36+00:00\",\"breadcrumb\":{\"@id\":\"https:\\\/\\\/simposioelevacion.com\\\/index.php\\\/foro-energia-y-economia-circular\\\/#breadcrumb\"},\"inLanguage\":\"es\",\"potentialAction\":[{\"@type\":\"ReadAction\",\"target\":[\"https:\\\/\\\/simposioelevacion.com\\\/index.php\\\/foro-energia-y-economia-circular\\\/\"]}]},{\"@type\":\"ImageObject\",\"inLanguage\":\"es\",\"@id\":\"https:\\\/\\\/simposioelevacion.com\\\/index.php\\\/foro-energia-y-economia-circular\\\/#primaryimage\",\"url\":\"https:\\\/\\\/simposioelevacion.com\\\/wp-content\\\/uploads\\\/2024\\\/05\\\/cropped-icono-sieme-edited.png\",\"contentUrl\":\"https:\\\/\\\/simposioelevacion.com\\\/wp-content\\\/uploads\\\/2024\\\/05\\\/cropped-icono-sieme-edited.png\",\"width\":512,\"height\":288},{\"@type\":\"BreadcrumbList\",\"@id\":\"https:\\\/\\\/simposioelevacion.com\\\/index.php\\\/foro-energia-y-economia-circular\\\/#breadcrumb\",\"itemListElement\":[{\"@type\":\"ListItem\",\"position\":1,\"name\":\"Portada\",\"item\":\"https:\\\/\\\/simposioelevacion.com\\\/\"},{\"@type\":\"ListItem\",\"position\":2,\"name\":\"Foro Energ\u00eda y econom\u00eda circular\"}]},{\"@type\":\"WebSite\",\"@id\":\"https:\\\/\\\/simposioelevacion.com\\\/#website\",\"url\":\"https:\\\/\\\/simposioelevacion.com\\\/\",\"name\":\"Simposio Internacional de Elevaci\u00f3n y Movilidad en Edificios (SIEME)\",\"description\":\"Simposio Internacional de Elevaci\u00f3n y Movilidad en Edificios (SIEME)\",\"publisher\":{\"@id\":\"https:\\\/\\\/simposioelevacion.com\\\/#organization\"},\"potentialAction\":[{\"@type\":\"SearchAction\",\"target\":{\"@type\":\"EntryPoint\",\"urlTemplate\":\"https:\\\/\\\/simposioelevacion.com\\\/?s={search_term_string}\"},\"query-input\":{\"@type\":\"PropertyValueSpecification\",\"valueRequired\":true,\"valueName\":\"search_term_string\"}}],\"inLanguage\":\"es\"},{\"@type\":\"Organization\",\"@id\":\"https:\\\/\\\/simposioelevacion.com\\\/#organization\",\"name\":\"Simposio Internacional de Elevaci\u00f3n y Movilidad en Edificios (SIEME)\",\"url\":\"https:\\\/\\\/simposioelevacion.com\\\/\",\"logo\":{\"@type\":\"ImageObject\",\"inLanguage\":\"es\",\"@id\":\"https:\\\/\\\/simposioelevacion.com\\\/#\\\/schema\\\/logo\\\/image\\\/\",\"url\":\"https:\\\/\\\/simposioelevacion.com\\\/wp-content\\\/uploads\\\/2023\\\/07\\\/icono-sieme.png\",\"contentUrl\":\"https:\\\/\\\/simposioelevacion.com\\\/wp-content\\\/uploads\\\/2023\\\/07\\\/icono-sieme.png\",\"width\":512,\"height\":512,\"caption\":\"Simposio Internacional de Elevaci\u00f3n y Movilidad en Edificios (SIEME)\"},\"image\":{\"@id\":\"https:\\\/\\\/simposioelevacion.com\\\/#\\\/schema\\\/logo\\\/image\\\/\"}}]}<\/script>\n<!-- \/ Yoast SEO plugin. -->","yoast_head_json":{"title":"Foro Energ\u00eda y econom\u00eda circular - Simposio Internacional de Elevaci\u00f3n y Movilidad en Edificios (SIEME)","robots":{"index":"index","follow":"follow","max-snippet":"max-snippet:-1","max-image-preview":"max-image-preview:large","max-video-preview":"max-video-preview:-1"},"canonical":"https:\/\/simposioelevacion.com\/index.php\/foro-energia-y-economia-circular\/","og_locale":"es_ES","og_type":"article","og_title":"Foro Energ\u00eda y econom\u00eda circular - Simposio Internacional de Elevaci\u00f3n y Movilidad en Edificios (SIEME)","og_description":"Foro: Energ\u00eda y econom\u00eda circular","og_url":"https:\/\/simposioelevacion.com\/index.php\/foro-energia-y-economia-circular\/","og_site_name":"Simposio Internacional de Elevaci\u00f3n y Movilidad en Edificios (SIEME)","article_modified_time":"2024-05-31T16:42:36+00:00","og_image":[{"url":"https:\/\/simposioelevacion.com\/wp-content\/uploads\/2024\/05\/cropped-icono-sieme-edited.png","type":"","width":"","height":""}],"twitter_card":"summary_large_image","twitter_misc":{"Tiempo de lectura":"2 minutos"},"schema":{"@context":"https:\/\/schema.org","@graph":[{"@type":"WebPage","@id":"https:\/\/simposioelevacion.com\/index.php\/foro-energia-y-economia-circular\/","url":"https:\/\/simposioelevacion.com\/index.php\/foro-energia-y-economia-circular\/","name":"Foro Energ\u00eda y econom\u00eda circular - Simposio Internacional de Elevaci\u00f3n y Movilidad en Edificios (SIEME)","isPartOf":{"@id":"https:\/\/simposioelevacion.com\/#website"},"primaryImageOfPage":{"@id":"https:\/\/simposioelevacion.com\/index.php\/foro-energia-y-economia-circular\/#primaryimage"},"image":{"@id":"https:\/\/simposioelevacion.com\/index.php\/foro-energia-y-economia-circular\/#primaryimage"},"thumbnailUrl":"https:\/\/simposioelevacion.com\/wp-content\/uploads\/2024\/05\/cropped-icono-sieme-edited.png","datePublished":"2024-05-25T15:37:17+00:00","dateModified":"2024-05-31T16:42:36+00:00","breadcrumb":{"@id":"https:\/\/simposioelevacion.com\/index.php\/foro-energia-y-economia-circular\/#breadcrumb"},"inLanguage":"es","potentialAction":[{"@type":"ReadAction","target":["https:\/\/simposioelevacion.com\/index.php\/foro-energia-y-economia-circular\/"]}]},{"@type":"ImageObject","inLanguage":"es","@id":"https:\/\/simposioelevacion.com\/index.php\/foro-energia-y-economia-circular\/#primaryimage","url":"https:\/\/simposioelevacion.com\/wp-content\/uploads\/2024\/05\/cropped-icono-sieme-edited.png","contentUrl":"https:\/\/simposioelevacion.com\/wp-content\/uploads\/2024\/05\/cropped-icono-sieme-edited.png","width":512,"height":288},{"@type":"BreadcrumbList","@id":"https:\/\/simposioelevacion.com\/index.php\/foro-energia-y-economia-circular\/#breadcrumb","itemListElement":[{"@type":"ListItem","position":1,"name":"Portada","item":"https:\/\/simposioelevacion.com\/"},{"@type":"ListItem","position":2,"name":"Foro Energ\u00eda y econom\u00eda circular"}]},{"@type":"WebSite","@id":"https:\/\/simposioelevacion.com\/#website","url":"https:\/\/simposioelevacion.com\/","name":"Simposio Internacional de Elevaci\u00f3n y Movilidad en Edificios (SIEME)","description":"Simposio Internacional de Elevaci\u00f3n y Movilidad en Edificios (SIEME)","publisher":{"@id":"https:\/\/simposioelevacion.com\/#organization"},"potentialAction":[{"@type":"SearchAction","target":{"@type":"EntryPoint","urlTemplate":"https:\/\/simposioelevacion.com\/?s={search_term_string}"},"query-input":{"@type":"PropertyValueSpecification","valueRequired":true,"valueName":"search_term_string"}}],"inLanguage":"es"},{"@type":"Organization","@id":"https:\/\/simposioelevacion.com\/#organization","name":"Simposio Internacional de Elevaci\u00f3n y Movilidad en Edificios (SIEME)","url":"https:\/\/simposioelevacion.com\/","logo":{"@type":"ImageObject","inLanguage":"es","@id":"https:\/\/simposioelevacion.com\/#\/schema\/logo\/image\/","url":"https:\/\/simposioelevacion.com\/wp-content\/uploads\/2023\/07\/icono-sieme.png","contentUrl":"https:\/\/simposioelevacion.com\/wp-content\/uploads\/2023\/07\/icono-sieme.png","width":512,"height":512,"caption":"Simposio Internacional de Elevaci\u00f3n y Movilidad en Edificios (SIEME)"},"image":{"@id":"https:\/\/simposioelevacion.com\/#\/schema\/logo\/image\/"}}]}},"_links":{"self":[{"href":"https:\/\/simposioelevacion.com\/index.php\/wp-json\/wp\/v2\/pages\/1096","targetHints":{"allow":["GET"]}}],"collection":[{"href":"https:\/\/simposioelevacion.com\/index.php\/wp-json\/wp\/v2\/pages"}],"about":[{"href":"https:\/\/simposioelevacion.com\/index.php\/wp-json\/wp\/v2\/types\/page"}],"author":[{"embeddable":true,"href":"https:\/\/simposioelevacion.com\/index.php\/wp-json\/wp\/v2\/users\/1"}],"replies":[{"embeddable":true,"href":"https:\/\/simposioelevacion.com\/index.php\/wp-json\/wp\/v2\/comments?post=1096"}],"version-history":[{"count":3,"href":"https:\/\/simposioelevacion.com\/index.php\/wp-json\/wp\/v2\/pages\/1096\/revisions"}],"predecessor-version":[{"id":1148,"href":"https:\/\/simposioelevacion.com\/index.php\/wp-json\/wp\/v2\/pages\/1096\/revisions\/1148"}],"wp:attachment":[{"href":"https:\/\/simposioelevacion.com\/index.php\/wp-json\/wp\/v2\/media?parent=1096"}],"curies":[{"name":"wp","href":"https:\/\/api.w.org\/{rel}","templated":true}]}}