{"id":1037,"date":"2024-05-25T10:52:58","date_gmt":"2024-05-25T10:52:58","guid":{"rendered":"https:\/\/simposioelevacion.com\/?page_id=1037"},"modified":"2024-05-25T16:18:24","modified_gmt":"2024-05-25T16:18:24","slug":"publicacion-comunicaciones-sieme-2024","status":"publish","type":"page","link":"https:\/\/simposioelevacion.com\/index.php\/publicacion-comunicaciones-sieme-2024\/","title":{"rendered":"Publicaciones 2024"},"content":{"rendered":"\n<p><a href=\"https:\/\/simposioelevacion.com\/index.php\/publicaciones-foro-componentes-de-ascensores-y-soluciones-de-elevacion\/\">Foro Componentes de ascensores y soluciones de elevaci\u00f3n:<\/a><\/p>\n\n\n\n<p><strong>Autoajuste variadores de frecuencia en ascensores.<\/strong> Vicente Sim\u00f3n. <em>MP Ascensores<\/em><\/p>\n\n\n\n<p><strong>Uso y aplicaci\u00f3n de componentes de ascensores&nbsp;en las soluciones para personas con movilidad&nbsp;<\/strong> <strong>reducida y supresi\u00f3n de barreras arquitect\u00f3nicas.<\/strong> \u00c1lvaro Gobernado. <em>Morispain<\/em><\/p>\n\n\n\n<p><strong>Control de motores con encoder en la&nbsp;<\/strong> <strong>periferia.<\/strong> Sergio Ure\u00f1a. <em>Fuji Electric<\/em><\/p>\n\n\n\n<p><strong>Cuadros de maniobra como elemento&nbsp;vertebrador de cualquier innovaci\u00f3n en el sector.<\/strong> Miguel Castillo, Xavier Soret. <em>Carlos Silva<\/em><\/p>\n\n\n\n<p><strong>Validaci\u00f3n funcional de componentes para&nbsp;ascensor. Ensayos m\u00e1s all\u00e1 de los normativos.<\/strong> Enrique Fullola. <em>ITA Instituto Tecnol\u00f3gico de Arag\u00f3n<\/em><\/p>\n\n\n\n<p><a href=\"https:\/\/simposioelevacion.com\/index.php\/foro-digitalizacion\/\">Foro Digitalizaci\u00f3n<\/a><\/p>\n\n\n\n<p><strong>Aplicaci\u00f3n de metrolog\u00eda l\u00e1ser en la instalaci\u00f3n&nbsp;de ascensores. <\/strong>Lorenzo Beltr\u00e1n. <em>Beltr\u00e1n Ascensores<\/em><\/p>\n\n\n\n<p><strong>Lean Engineering, no solo de Manufacturing&nbsp;vive el sector del ascensor: las mejores pr\u00e1cticas que automatizan a los departamentos t\u00e9cnicos. <\/strong>David S\u00e1nchez. <em>Ingenier\u00eda Samat<\/em><\/p>\n\n\n\n<p><strong>La complejidad de automatizar, automatizar la complejidad. <\/strong>Jaime D\u00edaz Maag. <em>Wittur<\/em><\/p>\n\n\n\n<p><a href=\"https:\/\/simposioelevacion.com\/index.php\/foro-energia-y-economia-circular\/\">Foro Energ\u00eda &nbsp;y econom\u00eda circular<\/a><\/p>\n\n\n\n<p><strong>Movilidad Vertical Sostenible.<\/strong> Laura S\u00e1nchez Garz\u00f3n, Miguel Ch\u00edas Gonz\u00e1lez. <em>EHC-Draka<\/em><\/p>\n\n\n\n<p><strong>Sostenibilidad &amp; Digitalizaci\u00f3n: el proyecto de Ascensor Social.<\/strong> Fernando Guillemi, Alea Guillemi. <em>C\u00e1mara de Ascensores de Argentina<\/em><\/p>\n\n\n\n<p><strong>Principios de econom\u00eda circular en el sector de ascensor.<\/strong> Alfredo G\u00f3mez. <em>ITA Instituto Tecnol\u00f3gico de Arag\u00f3n<\/em><\/p>\n\n\n\n<p><strong>Falsos mitos acerca del consumo el\u00e9ctrico del ascensor, lecciones aprendidas.<\/strong> Pilar Molina. <em>Epic Power<\/em><\/p>\n\n\n\n<p><a href=\"https:\/\/simposioelevacion.com\/index.php\/foro-industria\/\">Foro Industria<\/a><\/p>\n\n\n\n<p><strong>QRQC, respuesta r\u00e1pida para el control&nbsp;de la calidad.<\/strong> Sonia G\u00e1lvez. <em>Wittur<\/em><\/p>\n\n\n\n<p><strong>Avances en materia de formaci\u00f3n de&nbsp;e-learning t\u00e9cnica especializada para el&nbsp;sector del ascensor.<\/strong> Jos\u00e9 Compagni Aycart. <em>Docensas<\/em><\/p>\n\n\n\n<p><strong>Colaboraci\u00f3n, Flexibilidad y aporte de valor&nbsp;de la Pyme en la exploraci\u00f3n de oportunidades.&nbsp;Caso Elevador Zonas Limpias. <\/strong>Jaime McLaren. <em>Hidral<\/em><\/p>\n\n\n\n<p><strong>La revoluci\u00f3n del ascensor en Latinoam\u00e9rica.<\/strong> Fernando Lueje. <em>Wittur Argentina<\/em><\/p>\n\n\n\n<p><strong>Ascensores en Brasil: perspectivas y oportunidades. <\/strong>Fabio Aranha. Melcosur<\/p>\n\n\n\n<p><strong>Norma para transportes verticales (ascensor de personas).<\/strong> Gustavo Adolfo Ar\u00e9valos Maciel. IESE Ingenier\u00eda<\/p>\n\n\n\n<p><\/p>\n","protected":false},"excerpt":{"rendered":"<p>Foro Componentes de ascensores y soluciones de elevaci\u00f3n: Autoajuste variadores de frecuencia en ascensores. Vicente Sim\u00f3n. MP Ascensores Uso y aplicaci\u00f3n de componentes de ascensores&nbsp;en las soluciones para personas con movilidad&nbsp; reducida y supresi\u00f3n de barreras arquitect\u00f3nicas. \u00c1lvaro Gobernado. Morispain Control de motores con encoder en la&nbsp; periferia. Sergio Ure\u00f1a. Fuji Electric Cuadros de maniobra&hellip; <br \/> <a class=\"button small blue\" href=\"https:\/\/simposioelevacion.com\/index.php\/publicacion-comunicaciones-sieme-2024\/\">Leer m\u00e1s<\/a><\/p>\n","protected":false},"author":1,"featured_media":0,"parent":0,"menu_order":0,"comment_status":"closed","ping_status":"closed","template":"","meta":{"footnotes":""},"class_list":["post-1037","page","type-page","status-publish","hentry"],"yoast_head":"<!-- This site is optimized with the Yoast SEO plugin v22.2 - https:\/\/yoast.com\/wordpress\/plugins\/seo\/ -->\n<title>Publicaciones 2024 - Simposio Internacional de Elevaci\u00f3n y Movilidad en Edificios (SIEME)<\/title>\n<meta name=\"robots\" content=\"index, follow, max-snippet:-1, max-image-preview:large, max-video-preview:-1\" \/>\n<link rel=\"canonical\" href=\"https:\/\/simposioelevacion.com\/index.php\/publicacion-comunicaciones-sieme-2024\/\" \/>\n<meta property=\"og:locale\" content=\"es_ES\" \/>\n<meta property=\"og:type\" content=\"article\" \/>\n<meta property=\"og:title\" content=\"Publicaciones 2024 - Simposio Internacional de Elevaci\u00f3n y Movilidad en Edificios (SIEME)\" \/>\n<meta property=\"og:description\" content=\"Foro Componentes de ascensores y soluciones de elevaci\u00f3n: Autoajuste variadores de frecuencia en ascensores. Vicente Sim\u00f3n. MP Ascensores Uso y aplicaci\u00f3n de componentes de ascensores&nbsp;en las soluciones para personas con movilidad&nbsp; reducida y supresi\u00f3n de barreras arquitect\u00f3nicas. \u00c1lvaro Gobernado. Morispain Control de motores con encoder en la&nbsp; periferia. Sergio Ure\u00f1a. Fuji Electric Cuadros de maniobra&hellip; Leer m\u00e1s\" \/>\n<meta property=\"og:url\" content=\"https:\/\/simposioelevacion.com\/index.php\/publicacion-comunicaciones-sieme-2024\/\" \/>\n<meta property=\"og:site_name\" content=\"Simposio Internacional de Elevaci\u00f3n y Movilidad en Edificios (SIEME)\" \/>\n<meta property=\"article:modified_time\" content=\"2024-05-25T16:18:24+00:00\" \/>\n<meta name=\"twitter:card\" content=\"summary_large_image\" \/>\n<meta name=\"twitter:label1\" content=\"Tiempo de lectura\" \/>\n\t<meta name=\"twitter:data1\" content=\"2 minutos\" \/>\n<script type=\"application\/ld+json\" class=\"yoast-schema-graph\">{\"@context\":\"https:\/\/schema.org\",\"@graph\":[{\"@type\":\"WebPage\",\"@id\":\"https:\/\/simposioelevacion.com\/index.php\/publicacion-comunicaciones-sieme-2024\/\",\"url\":\"https:\/\/simposioelevacion.com\/index.php\/publicacion-comunicaciones-sieme-2024\/\",\"name\":\"Publicaciones 2024 - Simposio Internacional de Elevaci\u00f3n y Movilidad en Edificios (SIEME)\",\"isPartOf\":{\"@id\":\"https:\/\/simposioelevacion.com\/#website\"},\"datePublished\":\"2024-05-25T10:52:58+00:00\",\"dateModified\":\"2024-05-25T16:18:24+00:00\",\"breadcrumb\":{\"@id\":\"https:\/\/simposioelevacion.com\/index.php\/publicacion-comunicaciones-sieme-2024\/#breadcrumb\"},\"inLanguage\":\"es\",\"potentialAction\":[{\"@type\":\"ReadAction\",\"target\":[\"https:\/\/simposioelevacion.com\/index.php\/publicacion-comunicaciones-sieme-2024\/\"]}]},{\"@type\":\"BreadcrumbList\",\"@id\":\"https:\/\/simposioelevacion.com\/index.php\/publicacion-comunicaciones-sieme-2024\/#breadcrumb\",\"itemListElement\":[{\"@type\":\"ListItem\",\"position\":1,\"name\":\"Portada\",\"item\":\"https:\/\/simposioelevacion.com\/\"},{\"@type\":\"ListItem\",\"position\":2,\"name\":\"Publicaciones 2024\"}]},{\"@type\":\"WebSite\",\"@id\":\"https:\/\/simposioelevacion.com\/#website\",\"url\":\"https:\/\/simposioelevacion.com\/\",\"name\":\"Simposio Internacional de Elevaci\u00f3n y Movilidad en Edificios (SIEME)\",\"description\":\"Simposio Internacional de Elevaci\u00f3n y Movilidad en Edificios (SIEME)\",\"publisher\":{\"@id\":\"https:\/\/simposioelevacion.com\/#organization\"},\"potentialAction\":[{\"@type\":\"SearchAction\",\"target\":{\"@type\":\"EntryPoint\",\"urlTemplate\":\"https:\/\/simposioelevacion.com\/?s={search_term_string}\"},\"query-input\":\"required name=search_term_string\"}],\"inLanguage\":\"es\"},{\"@type\":\"Organization\",\"@id\":\"https:\/\/simposioelevacion.com\/#organization\",\"name\":\"Simposio Internacional de Elevaci\u00f3n y Movilidad en Edificios (SIEME)\",\"url\":\"https:\/\/simposioelevacion.com\/\",\"logo\":{\"@type\":\"ImageObject\",\"inLanguage\":\"es\",\"@id\":\"https:\/\/simposioelevacion.com\/#\/schema\/logo\/image\/\",\"url\":\"https:\/\/simposioelevacion.com\/wp-content\/uploads\/2023\/07\/icono-sieme.png\",\"contentUrl\":\"https:\/\/simposioelevacion.com\/wp-content\/uploads\/2023\/07\/icono-sieme.png\",\"width\":512,\"height\":512,\"caption\":\"Simposio Internacional de Elevaci\u00f3n y Movilidad en Edificios (SIEME)\"},\"image\":{\"@id\":\"https:\/\/simposioelevacion.com\/#\/schema\/logo\/image\/\"}}]}<\/script>\n<!-- \/ Yoast SEO plugin. -->","yoast_head_json":{"title":"Publicaciones 2024 - Simposio Internacional de Elevaci\u00f3n y Movilidad en Edificios (SIEME)","robots":{"index":"index","follow":"follow","max-snippet":"max-snippet:-1","max-image-preview":"max-image-preview:large","max-video-preview":"max-video-preview:-1"},"canonical":"https:\/\/simposioelevacion.com\/index.php\/publicacion-comunicaciones-sieme-2024\/","og_locale":"es_ES","og_type":"article","og_title":"Publicaciones 2024 - Simposio Internacional de Elevaci\u00f3n y Movilidad en Edificios (SIEME)","og_description":"Foro Componentes de ascensores y soluciones de elevaci\u00f3n: Autoajuste variadores de frecuencia en ascensores. Vicente Sim\u00f3n. MP Ascensores Uso y aplicaci\u00f3n de componentes de ascensores&nbsp;en las soluciones para personas con movilidad&nbsp; reducida y supresi\u00f3n de barreras arquitect\u00f3nicas. \u00c1lvaro Gobernado. Morispain Control de motores con encoder en la&nbsp; periferia. Sergio Ure\u00f1a. Fuji Electric Cuadros de maniobra&hellip; Leer m\u00e1s","og_url":"https:\/\/simposioelevacion.com\/index.php\/publicacion-comunicaciones-sieme-2024\/","og_site_name":"Simposio Internacional de Elevaci\u00f3n y Movilidad en Edificios (SIEME)","article_modified_time":"2024-05-25T16:18:24+00:00","twitter_card":"summary_large_image","twitter_misc":{"Tiempo de lectura":"2 minutos"},"schema":{"@context":"https:\/\/schema.org","@graph":[{"@type":"WebPage","@id":"https:\/\/simposioelevacion.com\/index.php\/publicacion-comunicaciones-sieme-2024\/","url":"https:\/\/simposioelevacion.com\/index.php\/publicacion-comunicaciones-sieme-2024\/","name":"Publicaciones 2024 - Simposio Internacional de Elevaci\u00f3n y Movilidad en Edificios (SIEME)","isPartOf":{"@id":"https:\/\/simposioelevacion.com\/#website"},"datePublished":"2024-05-25T10:52:58+00:00","dateModified":"2024-05-25T16:18:24+00:00","breadcrumb":{"@id":"https:\/\/simposioelevacion.com\/index.php\/publicacion-comunicaciones-sieme-2024\/#breadcrumb"},"inLanguage":"es","potentialAction":[{"@type":"ReadAction","target":["https:\/\/simposioelevacion.com\/index.php\/publicacion-comunicaciones-sieme-2024\/"]}]},{"@type":"BreadcrumbList","@id":"https:\/\/simposioelevacion.com\/index.php\/publicacion-comunicaciones-sieme-2024\/#breadcrumb","itemListElement":[{"@type":"ListItem","position":1,"name":"Portada","item":"https:\/\/simposioelevacion.com\/"},{"@type":"ListItem","position":2,"name":"Publicaciones 2024"}]},{"@type":"WebSite","@id":"https:\/\/simposioelevacion.com\/#website","url":"https:\/\/simposioelevacion.com\/","name":"Simposio Internacional de Elevaci\u00f3n y Movilidad en Edificios (SIEME)","description":"Simposio Internacional de Elevaci\u00f3n y Movilidad en Edificios (SIEME)","publisher":{"@id":"https:\/\/simposioelevacion.com\/#organization"},"potentialAction":[{"@type":"SearchAction","target":{"@type":"EntryPoint","urlTemplate":"https:\/\/simposioelevacion.com\/?s={search_term_string}"},"query-input":"required name=search_term_string"}],"inLanguage":"es"},{"@type":"Organization","@id":"https:\/\/simposioelevacion.com\/#organization","name":"Simposio Internacional de Elevaci\u00f3n y Movilidad en Edificios (SIEME)","url":"https:\/\/simposioelevacion.com\/","logo":{"@type":"ImageObject","inLanguage":"es","@id":"https:\/\/simposioelevacion.com\/#\/schema\/logo\/image\/","url":"https:\/\/simposioelevacion.com\/wp-content\/uploads\/2023\/07\/icono-sieme.png","contentUrl":"https:\/\/simposioelevacion.com\/wp-content\/uploads\/2023\/07\/icono-sieme.png","width":512,"height":512,"caption":"Simposio Internacional de Elevaci\u00f3n y Movilidad en Edificios (SIEME)"},"image":{"@id":"https:\/\/simposioelevacion.com\/#\/schema\/logo\/image\/"}}]}},"_links":{"self":[{"href":"https:\/\/simposioelevacion.com\/index.php\/wp-json\/wp\/v2\/pages\/1037","targetHints":{"allow":["GET"]}}],"collection":[{"href":"https:\/\/simposioelevacion.com\/index.php\/wp-json\/wp\/v2\/pages"}],"about":[{"href":"https:\/\/simposioelevacion.com\/index.php\/wp-json\/wp\/v2\/types\/page"}],"author":[{"embeddable":true,"href":"https:\/\/simposioelevacion.com\/index.php\/wp-json\/wp\/v2\/users\/1"}],"replies":[{"embeddable":true,"href":"https:\/\/simposioelevacion.com\/index.php\/wp-json\/wp\/v2\/comments?post=1037"}],"version-history":[{"count":8,"href":"https:\/\/simposioelevacion.com\/index.php\/wp-json\/wp\/v2\/pages\/1037\/revisions"}],"predecessor-version":[{"id":1119,"href":"https:\/\/simposioelevacion.com\/index.php\/wp-json\/wp\/v2\/pages\/1037\/revisions\/1119"}],"wp:attachment":[{"href":"https:\/\/simposioelevacion.com\/index.php\/wp-json\/wp\/v2\/media?parent=1037"}],"curies":[{"name":"wp","href":"https:\/\/api.w.org\/{rel}","templated":true}]}}